{"id":228866,"date":"2024-04-16T14:59:09","date_gmt":"2024-04-16T12:59:09","guid":{"rendered":"https:\/\/groupe-grim.com\/bmw-motorrad\/?page_id=228866"},"modified":"2026-03-19T12:19:59","modified_gmt":"2026-03-19T11:19:59","slug":"albi","status":"publish","type":"page","link":"https:\/\/groupe-grim.com\/bmw-motorrad\/albi\/","title":{"rendered":"Concession BMW Motorrad Albi"},"content":{"rendered":"<p>[et_pb_section fb_built=\u00a0\u00bb1&Prime; _builder_version=\u00a0\u00bb4.24.3&Prime; _module_preset=\u00a0\u00bbdefault\u00a0\u00bb global_colors_info=\u00a0\u00bb{}\u00a0\u00bb][et_pb_row _builder_version=\u00a0\u00bb4.24.3&Prime; _module_preset=\u00a0\u00bbdefault\u00a0\u00bb global_colors_info=\u00a0\u00bb{}\u00a0\u00bb][et_pb_column type=\u00a0\u00bb4_4&Prime; _builder_version=\u00a0\u00bb4.24.3&Prime; _module_preset=\u00a0\u00bbdefault\u00a0\u00bb global_colors_info=\u00a0\u00bb{}\u00a0\u00bb][et_pb_image src=\u00a0\u00bbhttps:\/\/groupe-grim.com\/bmw-motorrad\/wp-content\/uploads\/2024\/04\/Banniere-web-albi-scaled.jpg\u00a0\u00bb alt=\u00a0\u00bbVille d&rsquo;Albi\u00a0\u00bb title_text=\u00a0\u00bbBanni\u00e8re web albi\u00a0\u00bb _builder_version=\u00a0\u00bb4.25.1&Prime; _module_preset=\u00a0\u00bbdefault\u00a0\u00bb global_colors_info=\u00a0\u00bb{}\u00a0\u00bb][\/et_pb_image][et_pb_text _builder_version=\u00a0\u00bb4.27.2&Prime; _module_preset=\u00a0\u00bbdefault\u00a0\u00bb custom_margin=\u00a0\u00bb10px||10px||true|false\u00a0\u00bb inline_fonts=\u00a0\u00bbBMWMotorrad Bold\u00a0\u00bb global_colors_info=\u00a0\u00bb{}\u00a0\u00bb]<\/p>\n<h1 style=\"text-align: center;\"><span style=\"font-family: 'BMWMotorrad Bold';\"><strong>Votre concession BMW Motorrad Albi<\/strong><\/span><\/h1>\n<p>[\/et_pb_text][\/et_pb_column][\/et_pb_row][et_pb_row column_structure=\u00a0\u00bb1_2,1_2&Prime; _builder_version=\u00a0\u00bb4.24.3&Prime; _module_preset=\u00a0\u00bbdefault\u00a0\u00bb custom_margin=\u00a0\u00bb30px||30px||false|false\u00a0\u00bb global_colors_info=\u00a0\u00bb{}\u00a0\u00bb][et_pb_column type=\u00a0\u00bb1_2&Prime; _builder_version=\u00a0\u00bb4.24.3&Prime; _module_preset=\u00a0\u00bbdefault\u00a0\u00bb global_colors_info=\u00a0\u00bb{}\u00a0\u00bb][et_pb_text _builder_version=\u00a0\u00bb4.25.0&Prime; _module_preset=\u00a0\u00bbdefault\u00a0\u00bb custom_margin=\u00a0\u00bb20px|30px||30px|false|false\u00a0\u00bb inline_fonts=\u00a0\u00bbBMWMotorrad Bold,BMWMotorrad Regular\u00a0\u00bb global_colors_info=\u00a0\u00bb{}\u00a0\u00bb]<\/p>\n<h3><span style=\"font-family: 'BMWMotorrad Bold';\"><strong>Coordonn\u00e9es<\/strong><\/span><\/h3>\n<p><span style=\"font-family: 'BMWMotorrad Regular'; font-size: large;\"><strong>Adresse<\/strong> : <a href=\"https:\/\/www.google.com\/maps\/place\/BMW+Motorrad+Albi+-+Groupe+Grim\/@43.91258,2.1426973,17z\/data=!3m1!4b1!4m6!3m5!1s0x12addd583e39793b:0xe101bebc56c9ae63!8m2!3d43.91258!4d2.1426973!16s%2Fg%2F1v1krxzj?hl=fr&amp;entry=ttu\" target=\"_blank\" rel=\"noopener\">1 Bis Route de Castres, 81000 Albi<\/a><\/span><br \/><span style=\"font-family: 'BMWMotorrad Regular'; font-size: large;\"><strong>Tel<\/strong> : 05 63 47 20 15<\/span><\/p>\n<p>[\/et_pb_text][et_pb_text _builder_version=\u00a0\u00bb4.25.0&Prime; _module_preset=\u00a0\u00bbdefault\u00a0\u00bb custom_margin=\u00a0\u00bb|30px||30px|false|false\u00a0\u00bb inline_fonts=\u00a0\u00bbBMWMotorrad Regular\u00a0\u00bb global_colors_info=\u00a0\u00bb{}\u00a0\u00bb]<\/p>\n<h3><span style=\"font-family: 'BMWMotorrad Bold'; font-weight: normal;\"><strong>Horaires d&rsquo;ouverture<\/strong><\/span><\/h3>\n<p><span style=\"font-family: 'BMWMotorrad Regular'; font-weight: normal; font-size: large;\"><strong>Mardi <\/strong>8h30 &#8211; 12h00 \/ 14h &#8211; 18h30<\/span><br \/><span style=\"font-family: 'BMWMotorrad Regular'; font-weight: normal; font-size: large;\"><strong>Mercredi <\/strong>8h30 &#8211; 12h00 \/ 14h &#8211; 18h30<\/span><br \/><span style=\"font-family: 'BMWMotorrad Regular'; font-weight: normal; font-size: large;\"><strong>Jeudi <\/strong>8h30 &#8211; 12h00 \/ 14h &#8211; 18h30<\/span><br \/><span style=\"font-family: 'BMWMotorrad Regular'; font-weight: normal; font-size: large;\"><strong>Vendredi <\/strong>8h30 &#8211; 12h00 \/ 14h &#8211; 18h30<\/span><br \/><span style=\"font-family: 'BMWMotorrad Regular'; font-weight: normal; font-size: large;\"><strong>Samedi<\/strong> 9h00 &#8211; 12h00 \/ 14h00 &#8211; 18h00<\/span><\/p>\n<p>[\/et_pb_text][et_pb_button button_url=\u00a0\u00bbhttps:\/\/groupe-grim.com\/rendez-vous\/?brand=motorrad\u00a0\u00bb url_new_window=\u00a0\u00bbon\u00a0\u00bb button_text=\u00a0\u00bbPrendre rendez-vous\u00a0\u00bb button_alignment=\u00a0\u00bbcenter\u00a0\u00bb _builder_version=\u00a0\u00bb4.27.5&Prime; _module_preset=\u00a0\u00bbdefault\u00a0\u00bb custom_button=\u00a0\u00bbon\u00a0\u00bb button_text_size=\u00a0\u00bb16px\u00a0\u00bb button_text_color=\u00a0\u00bb#FFFFFF\u00a0\u00bb button_bg_color=\u00a0\u00bb#0062ff\u00a0\u00bb button_border_width=\u00a0\u00bb0px\u00a0\u00bb button_border_color=\u00a0\u00bb#000000&Prime; button_font=\u00a0\u00bbBMWMotorrad Regular|||on|||||\u00a0\u00bb button_icon=\u00a0\u00bb&#xe025;||divi||400&Prime; box_shadow_style=\u00a0\u00bbpreset2&Prime; global_colors_info=\u00a0\u00bb{}\u00a0\u00bb][\/et_pb_button][\/et_pb_column][et_pb_column type=\u00a0\u00bb1_2&Prime; _builder_version=\u00a0\u00bb4.24.3&Prime; _module_preset=\u00a0\u00bbdefault\u00a0\u00bb global_colors_info=\u00a0\u00bb{}\u00a0\u00bb][et_pb_image src=\u00a0\u00bbhttps:\/\/groupe-grim.com\/bmw-motorrad\/wp-content\/uploads\/2025\/03\/Facade-mars-2025.jpg\u00a0\u00bb alt=\u00a0\u00bbConcession BMW Motorrad Albi Moto Plus Albi\u00a0\u00bb title_text=\u00a0\u00bbConcession BMW Motorrad Albi Moto Plus Albi\u00a0\u00bb _builder_version=\u00a0\u00bb4.27.4&Prime; _module_preset=\u00a0\u00bbdefault\u00a0\u00bb border_width_all=\u00a0\u00bb7px\u00a0\u00bb border_color_all=\u00a0\u00bb#FFFFFF\u00a0\u00bb box_shadow_style=\u00a0\u00bbpreset2&Prime; global_colors_info=\u00a0\u00bb{}\u00a0\u00bb][\/et_pb_image][\/et_pb_column][\/et_pb_row][et_pb_row _builder_version=\u00a0\u00bb4.24.3&Prime; _module_preset=\u00a0\u00bbdefault\u00a0\u00bb global_colors_info=\u00a0\u00bb{}\u00a0\u00bb][et_pb_column type=\u00a0\u00bb4_4&Prime; _builder_version=\u00a0\u00bb4.24.3&Prime; _module_preset=\u00a0\u00bbdefault\u00a0\u00bb global_colors_info=\u00a0\u00bb{}\u00a0\u00bb][et_pb_text _builder_version=\u00a0\u00bb4.25.0&Prime; _module_preset=\u00a0\u00bbdefault\u00a0\u00bb min_height=\u00a0\u00bb101.2px\u00a0\u00bb custom_margin=\u00a0\u00bb30px|30px|30px|30px|false|false\u00a0\u00bb inline_fonts=\u00a0\u00bbBMWMotorrad Regular\u00a0\u00bb global_colors_info=\u00a0\u00bb{}\u00a0\u00bb]<\/p>\n<p><span style=\"font-family: 'BMWMotorrad Regular'; font-weight: normal; font-size: large;\">Depuis plus de 20 ans, votre concession <strong>BMW Motorrad Albi<\/strong> accueille les motards du Tarn et de l&rsquo;Aveyron dans un espace unique d\u00e9di\u00e9 \u00e0 l&rsquo;univers du deux-roues.<\/span><\/p>\n<p><span style=\"font-family: 'BMWMotorrad Regular'; font-weight: normal; font-size: large;\">Venez rencontrer une \u00e9quipe passionn\u00e9e qui partage votre amour de la moto. Motos neuves, v\u00e9hicules d&rsquo;occasion, accessoires et \u00e9quipements du pilote, vous trouverez tout ce dont vous avez besoin pour rouler avec style et en s\u00e9curit\u00e9 !<\/span><\/p>\n<p>[\/et_pb_text][\/et_pb_column][\/et_pb_row][et_pb_row _builder_version=\u00a0\u00bb4.25.0&Prime; _module_preset=\u00a0\u00bbdefault\u00a0\u00bb custom_margin=\u00a0\u00bb|auto|-21px|auto||\u00a0\u00bb global_colors_info=\u00a0\u00bb{}\u00a0\u00bb][et_pb_column type=\u00a0\u00bb4_4&Prime; _builder_version=\u00a0\u00bb4.25.0&Prime; _module_preset=\u00a0\u00bbdefault\u00a0\u00bb global_colors_info=\u00a0\u00bb{}\u00a0\u00bb][dipl_image_card_carousel slider_loop=\u00a0\u00bbon\u00a0\u00bb show_arrow=\u00a0\u00bbon\u00a0\u00bb previous_slide_arrow=\u00a0\u00bb&#x34;||divi||400&Prime; next_slide_arrow=\u00a0\u00bb&#x35;||divi||400&Prime; arrows_position=\u00a0\u00bboutside\u00a0\u00bb arrow_font_size=\u00a0\u00bb50px\u00a0\u00bb arrow_color=\u00a0\u00bb#939393&Prime; slider_container_custom_padding=\u00a0\u00bb||0px||false|false\u00a0\u00bb cards_per_slide_tablet=\u00a0\u00bb2&Prime; cards_per_slide_phone=\u00a0\u00bb1&Prime; _builder_version=\u00a0\u00bb4.27.5&Prime; _module_preset=\u00a0\u00bbdefault\u00a0\u00bb module_alignment=\u00a0\u00bbcenter\u00a0\u00bb custom_margin=\u00a0\u00bb10px||10px||false|false\u00a0\u00bb custom_padding=\u00a0\u00bb||0px|||\u00a0\u00bb hover_enabled=\u00a0\u00bb0&Prime; global_colors_info=\u00a0\u00bb{}\u00a0\u00bb sticky_enabled=\u00a0\u00bb0&Prime;][dipl_image_card_carousel_item image=\u00a0\u00bbhttps:\/\/groupe-grim.com\/bmw-motorrad\/wp-content\/uploads\/2026\/03\/BMW-Motorrad-Albi-1.jpg\u00a0\u00bb _builder_version=\u00a0\u00bb4.27.5&Prime; _module_preset=\u00a0\u00bbdefault\u00a0\u00bb hover_enabled=\u00a0\u00bb0&Prime; global_colors_info=\u00a0\u00bb{}\u00a0\u00bb alt=\u00a0\u00bbExt\u00e9rieur de la concession BMW Motorrad Albi\u00a0\u00bb title_text=\u00a0\u00bbBMW Motorrad Albi 1&Prime; sticky_enabled=\u00a0\u00bb0&Prime;][\/dipl_image_card_carousel_item][dipl_image_card_carousel_item image=\u00a0\u00bbhttps:\/\/groupe-grim.com\/bmw-motorrad\/wp-content\/uploads\/2026\/03\/BMW-Motorrad-Albi-5.jpg\u00a0\u00bb _builder_version=\u00a0\u00bb4.27.5&Prime; _module_preset=\u00a0\u00bbdefault\u00a0\u00bb hover_enabled=\u00a0\u00bb0&Prime; global_colors_info=\u00a0\u00bb{}\u00a0\u00bb alt=\u00a0\u00bbInt\u00e9rieur de la concession BMW Motorrad Albi\u00a0\u00bb title_text=\u00a0\u00bbBMW Motorrad Albi 5&Prime; sticky_enabled=\u00a0\u00bb0&Prime;][\/dipl_image_card_carousel_item][dipl_image_card_carousel_item image=\u00a0\u00bbhttps:\/\/groupe-grim.com\/bmw-motorrad\/wp-content\/uploads\/2026\/03\/BMW-Motorrad-Albi-2.jpg\u00a0\u00bb _builder_version=\u00a0\u00bb4.27.5&Prime; _module_preset=\u00a0\u00bbdefault\u00a0\u00bb hover_enabled=\u00a0\u00bb0&Prime; global_colors_info=\u00a0\u00bb{}\u00a0\u00bb alt=\u00a0\u00bbInt\u00e9rieur de la concession BMW Motorrad Albi\u00a0\u00bb title_text=\u00a0\u00bbBMW Motorrad Albi 2&Prime; sticky_enabled=\u00a0\u00bb0&Prime;][\/dipl_image_card_carousel_item][dipl_image_card_carousel_item image=\u00a0\u00bbhttps:\/\/groupe-grim.com\/bmw-motorrad\/wp-content\/uploads\/2026\/03\/BMW-Motorrad-Albi.jpg\u00a0\u00bb _builder_version=\u00a0\u00bb4.27.5&Prime; _module_preset=\u00a0\u00bbdefault\u00a0\u00bb hover_enabled=\u00a0\u00bb0&Prime; global_colors_info=\u00a0\u00bb{}\u00a0\u00bb alt=\u00a0\u00bbInt\u00e9rieur de la concession BMW Motorrad Albi\u00a0\u00bb title_text=\u00a0\u00bbBMW Motorrad Albi\u00a0\u00bb sticky_enabled=\u00a0\u00bb0&Prime;][\/dipl_image_card_carousel_item][dipl_image_card_carousel_item image=\u00a0\u00bbhttps:\/\/groupe-grim.com\/bmw-motorrad\/wp-content\/uploads\/2026\/03\/BMW-Motorrad-Albi-6.jpg\u00a0\u00bb _builder_version=\u00a0\u00bb4.27.5&Prime; _module_preset=\u00a0\u00bbdefault\u00a0\u00bb hover_enabled=\u00a0\u00bb0&Prime; global_colors_info=\u00a0\u00bb{}\u00a0\u00bb alt=\u00a0\u00bbInt\u00e9rieur de la concession BMW Motorrad Albi\u00a0\u00bb title_text=\u00a0\u00bbBMW Motorrad Albi 6&Prime; sticky_enabled=\u00a0\u00bb0&Prime;][\/dipl_image_card_carousel_item][\/dipl_image_card_carousel][et_pb_text _builder_version=\u00a0\u00bb4.25.0&Prime; _module_preset=\u00a0\u00bbdefault\u00a0\u00bb custom_margin=\u00a0\u00bb9px|30px|50px|30px|false|false\u00a0\u00bb inline_fonts=\u00a0\u00bbBMWMotorrad Regular\u00a0\u00bb global_colors_info=\u00a0\u00bb{}\u00a0\u00bb]<\/p>\n<p><span style=\"font-family: 'BMWMotorrad Regular'; font-weight: normal; font-size: large;\">Avec une large s\u00e9lection de <strong>motos neuves et d&rsquo;occasion<\/strong>, notre \u00e9quipe vous accompagne dans le choix de la moto parfaite pour vous en fonction de vos besoins, votre budget et vos envies.<\/span><\/p>\n<p><span style=\"font-family: 'BMWMotorrad Regular'; font-weight: normal; font-size: large;\"><strong>Le petit plus ?<\/strong> Avant de sauter le pas, vous pouvez essayer la moto de vos r\u00eaves le temps d&rsquo;un week-end gr\u00e2ce \u00e0 notre service <a href=\"https:\/\/groupe-grim.com\/bmw-motorrad\/rent-a-ride\/\"><strong>Rent A Ride<\/strong><\/a> !<\/span><\/p>\n<p><span style=\"font-family: 'BMWMotorrad Regular'; font-weight: normal; font-size: large;\">Nos <strong>m\u00e9caniciens experts<\/strong> vous accueillent dans un <strong>atelier<\/strong> \u00e9quip\u00e9 pour r\u00e9parer votre monture dans les r\u00e8gles de l&rsquo;art avec des pi\u00e8ces authentiques et des techniques sp\u00e9cifiques.<\/span><\/p>\n<p><span style=\"font-family: 'BMWMotorrad Regular'; font-weight: normal; font-size: large;\">Envie de fantaisie ? Cr\u00e9ons ensemble une moto qui vous ressemble gr\u00e2ce \u00e0 notre <strong>service de customisation<\/strong>.<\/span><\/p>\n<p>[\/et_pb_text][\/et_pb_column][\/et_pb_row][et_pb_row _builder_version=\u00a0\u00bb4.25.1&Prime; _module_preset=\u00a0\u00bbdefault\u00a0\u00bb global_colors_info=\u00a0\u00bb{}\u00a0\u00bb][et_pb_column type=\u00a0\u00bb4_4&Prime; _builder_version=\u00a0\u00bb4.25.1&Prime; _module_preset=\u00a0\u00bbdefault\u00a0\u00bb global_colors_info=\u00a0\u00bb{}\u00a0\u00bb][et_pb_button button_url=\u00a0\u00bbhttps:\/\/www.fuelforlife.bmw-motorrad.com\/fr\/rental\/dealer\/moto-plus.html\u00a0\u00bb button_text=\u00a0\u00bbR\u00e9servez votre location Rent A Ride\u00a0\u00bb button_alignment=\u00a0\u00bbcenter\u00a0\u00bb _builder_version=\u00a0\u00bb4.27.2&Prime; _module_preset=\u00a0\u00bbdefault\u00a0\u00bb custom_button=\u00a0\u00bbon\u00a0\u00bb button_text_size=\u00a0\u00bb16px\u00a0\u00bb button_text_color=\u00a0\u00bb#FFFFFF\u00a0\u00bb button_bg_color=\u00a0\u00bb#0062ff\u00a0\u00bb button_border_width=\u00a0\u00bb0px\u00a0\u00bb button_border_color=\u00a0\u00bb#FFFFFF\u00a0\u00bb button_border_radius=\u00a0\u00bb4px\u00a0\u00bb button_letter_spacing=\u00a0\u00bb0px\u00a0\u00bb button_font=\u00a0\u00bbBMWMotorrad Regular|||on|||||\u00a0\u00bb button_icon=\u00a0\u00bb&#x35;||divi||400&Prime; button_icon_color=\u00a0\u00bb#FFFFFF\u00a0\u00bb custom_margin=\u00a0\u00bb10px||10px||false|false\u00a0\u00bb button_text_shadow_style=\u00a0\u00bbpreset3&Prime; button_text_shadow_color=\u00a0\u00bbRGBA(255,255,255,0)\u00a0\u00bb box_shadow_style=\u00a0\u00bbpreset2&Prime; global_colors_info=\u00a0\u00bb{}\u00a0\u00bb][\/et_pb_button][\/et_pb_column][\/et_pb_row][et_pb_row column_structure=\u00a0\u00bb1_2,1_2&Prime; _builder_version=\u00a0\u00bb4.25.0&Prime; _module_preset=\u00a0\u00bbdefault\u00a0\u00bb min_height=\u00a0\u00bb305.1px\u00a0\u00bb custom_margin=\u00a0\u00bb40px|auto||auto||\u00a0\u00bb global_colors_info=\u00a0\u00bb{}\u00a0\u00bb][et_pb_column type=\u00a0\u00bb1_2&Prime; _builder_version=\u00a0\u00bb4.25.0&Prime; _module_preset=\u00a0\u00bbdefault\u00a0\u00bb global_colors_info=\u00a0\u00bb{}\u00a0\u00bb][et_pb_image src=\u00a0\u00bbhttps:\/\/groupe-grim.com\/bmw-motorrad\/wp-content\/uploads\/2026\/03\/BMW-Motorrad-Albi-3.jpg\u00a0\u00bb alt=\u00a0\u00bbInt\u00e9rieur de la concession BMW Motorrad Albi\u00a0\u00bb title_text=\u00a0\u00bbBMW Motorrad Albi 3&Prime; align=\u00a0\u00bbcenter\u00a0\u00bb _builder_version=\u00a0\u00bb4.27.5&Prime; _module_preset=\u00a0\u00bbdefault\u00a0\u00bb width=\u00a0\u00bb95%\u00a0\u00bb custom_padding=\u00a0\u00bb25px|||||\u00a0\u00bb hover_enabled=\u00a0\u00bb0&Prime; border_width_all=\u00a0\u00bb7px\u00a0\u00bb border_color_all=\u00a0\u00bb#FFFFFF\u00a0\u00bb box_shadow_style=\u00a0\u00bbpreset2&Prime; global_colors_info=\u00a0\u00bb{}\u00a0\u00bb sticky_enabled=\u00a0\u00bb0&Prime;][\/et_pb_image][\/et_pb_column][et_pb_column type=\u00a0\u00bb1_2&Prime; _builder_version=\u00a0\u00bb4.25.0&Prime; _module_preset=\u00a0\u00bbdefault\u00a0\u00bb global_colors_info=\u00a0\u00bb{}\u00a0\u00bb][et_pb_text _builder_version=\u00a0\u00bb4.25.0&Prime; _module_preset=\u00a0\u00bbdefault\u00a0\u00bb width=\u00a0\u00bb81%\u00a0\u00bb module_alignment=\u00a0\u00bbcenter\u00a0\u00bb custom_margin=\u00a0\u00bb42px|30px|42px|30px|true|true\u00a0\u00bb inline_fonts=\u00a0\u00bbBMWMotorrad Regular\u00a0\u00bb global_colors_info=\u00a0\u00bb{}\u00a0\u00bb]<\/p>\n<p><span style=\"font-family: 'BMWMotorrad Regular'; font-weight: normal; font-size: large;\"><strong>Rejoignez notre communaut\u00e9<\/strong> et participez \u00e0 de nombreux \u00e9v\u00e8nements : vir\u00e9es \u00e0 motos, journ\u00e9es portes ouvertes, rassemblement mensuel et bien plus encore !<\/span><\/p>\n<p><span style=\"font-family: 'BMWMotorrad Regular'; font-weight: normal; font-size: large;\">Besoin de conseils ? D&rsquo;informations sur nos gammes ? Envie d&rsquo;\u00e9changer autour de notre passion commune ?<\/span><\/p>\n<p><span style=\"font-family: 'BMWMotorrad Regular'; font-weight: normal; font-size: large;\"><strong>Venez nous rendre visite chez BMW Motorrad Albi !<\/strong><\/span><\/p>\n<p>[\/et_pb_text][\/et_pb_column][\/et_pb_row][et_pb_row _builder_version=\u00a0\u00bb4.25.1&Prime; _module_preset=\u00a0\u00bbdefault\u00a0\u00bb global_colors_info=\u00a0\u00bb{}\u00a0\u00bb][et_pb_column type=\u00a0\u00bb4_4&Prime; _builder_version=\u00a0\u00bb4.25.1&Prime; _module_preset=\u00a0\u00bbdefault\u00a0\u00bb global_colors_info=\u00a0\u00bb{}\u00a0\u00bb][et_pb_text _builder_version=\u00a0\u00bb4.25.1&Prime; _module_preset=\u00a0\u00bbdefault\u00a0\u00bb min_height=\u00a0\u00bb56px\u00a0\u00bb custom_margin=\u00a0\u00bb27px||-1px|||\u00a0\u00bb inline_fonts=\u00a0\u00bbBMWMotorrad Bold\u00a0\u00bb global_colors_info=\u00a0\u00bb{}\u00a0\u00bb]<\/p>\n<h2 style=\"text-align: center;\"><span style=\"font-family: 'BMWMotorrad Bold';\"><strong>Les derni\u00e8res actualit\u00e9s de votre concession<\/strong><\/span><\/h2>\n<p>[\/et_pb_text][dipl_separator seprator_thickness=\u00a0\u00bb1px\u00a0\u00bb separator_color=\u00a0\u00bb#000000&Prime; _builder_version=\u00a0\u00bb4.25.1&Prime; _module_preset=\u00a0\u00bbdefault\u00a0\u00bb width=\u00a0\u00bb20%\u00a0\u00bb module_alignment=\u00a0\u00bbcenter\u00a0\u00bb min_height=\u00a0\u00bb0px\u00a0\u00bb global_colors_info=\u00a0\u00bb{}\u00a0\u00bb][\/dipl_separator][dipl_blog_slider slider_layout=\u00a0\u00bblayout4&Prime; include_categories=\u00a0\u00bb14,4&Prime; excerpt_length=\u00a0\u00bb0&Prime; show_author=\u00a0\u00bboff\u00a0\u00bb show_date=\u00a0\u00bboff\u00a0\u00bb show_categories=\u00a0\u00bboff\u00a0\u00bb show_comments=\u00a0\u00bboff\u00a0\u00bb read_more_text=\u00a0\u00bbVoir plus\u00a0\u00bb show_control_dot=\u00a0\u00bboff\u00a0\u00bb post_per_slide_tablet=\u00a0\u00bb2&Prime; post_per_slide_phone=\u00a0\u00bb1&Prime; _builder_version=\u00a0\u00bb4.27.2&Prime; _module_preset=\u00a0\u00bbdefault\u00a0\u00bb title_font=\u00a0\u00bbBMWMotorrad Regular||||||||\u00a0\u00bb title_text_align=\u00a0\u00bbcenter\u00a0\u00bb title_font_size=\u00a0\u00bb17px\u00a0\u00bb body_font=\u00a0\u00bbBMWMotorrad Regular||||||||\u00a0\u00bb body_text_align=\u00a0\u00bbcenter\u00a0\u00bb custom_read_more=\u00a0\u00bbon\u00a0\u00bb read_more_text_size=\u00a0\u00bb16px\u00a0\u00bb read_more_text_color=\u00a0\u00bb#FFFFFF\u00a0\u00bb read_more_bg_color=\u00a0\u00bb#0062ff\u00a0\u00bb read_more_border_width=\u00a0\u00bb0px\u00a0\u00bb read_more_font=\u00a0\u00bbBMWMotorrad Regular||||||||\u00a0\u00bb read_more_alignment=\u00a0\u00bbcenter\u00a0\u00bb read_more_text_shadow_style=\u00a0\u00bbpreset3&Prime; global_colors_info=\u00a0\u00bb{}\u00a0\u00bb][\/dipl_blog_slider][\/et_pb_column][\/et_pb_row][et_pb_row _builder_version=\u00a0\u00bb4.24.3&Prime; _module_preset=\u00a0\u00bbdefault\u00a0\u00bb global_colors_info=\u00a0\u00bb{}\u00a0\u00bb][et_pb_column type=\u00a0\u00bb4_4&Prime; _builder_version=\u00a0\u00bb4.24.3&Prime; _module_preset=\u00a0\u00bbdefault\u00a0\u00bb global_colors_info=\u00a0\u00bb{}\u00a0\u00bb][dipl_separator seprator_thickness=\u00a0\u00bb1px\u00a0\u00bb separator_color=\u00a0\u00bb#8e8e8e\u00a0\u00bb _builder_version=\u00a0\u00bb4.25.0&Prime; _module_preset=\u00a0\u00bbdefault\u00a0\u00bb width=\u00a0\u00bb20%\u00a0\u00bb module_alignment=\u00a0\u00bbcenter\u00a0\u00bb min_height=\u00a0\u00bb0px\u00a0\u00bb custom_margin=\u00a0\u00bb40px||20px||false|false\u00a0\u00bb global_colors_info=\u00a0\u00bb{}\u00a0\u00bb][\/dipl_separator][et_pb_text _builder_version=\u00a0\u00bb4.25.0&Prime; _module_preset=\u00a0\u00bbdefault\u00a0\u00bb custom_margin=\u00a0\u00bb34px||||false|false\u00a0\u00bb custom_padding=\u00a0\u00bb||3px|||\u00a0\u00bb inline_fonts=\u00a0\u00bbBMWMotorrad Bold\u00a0\u00bb global_colors_info=\u00a0\u00bb{}\u00a0\u00bb]<\/p>\n<h2 style=\"text-align: center;\"><span style=\"font-family: 'BMWMotorrad Bold';\"><strong>Rejoignez-nous sur les r\u00e9seaux sociaux !<\/strong><\/span><\/h2>\n<p>[\/et_pb_text][et_pb_social_media_follow follow_button=\u00a0\u00bbon\u00a0\u00bb use_icon_font_size=\u00a0\u00bbon\u00a0\u00bb icon_font_size=\u00a0\u00bb24px\u00a0\u00bb _builder_version=\u00a0\u00bb4.27.2&Prime; _module_preset=\u00a0\u00bbdefault\u00a0\u00bb custom_button=\u00a0\u00bbon\u00a0\u00bb button_text_size=\u00a0\u00bb16px\u00a0\u00bb button_text_color=\u00a0\u00bb#000000&Prime; button_bg_color=\u00a0\u00bb#FFFFFF\u00a0\u00bb button_border_width=\u00a0\u00bb1px\u00a0\u00bb button_border_color=\u00a0\u00bb#8c8c8c\u00a0\u00bb button_border_radius=\u00a0\u00bb5px\u00a0\u00bb button_letter_spacing=\u00a0\u00bb0px\u00a0\u00bb button_font=\u00a0\u00bbBMWMotorrad Regular||||||||\u00a0\u00bb text_orientation=\u00a0\u00bbcenter\u00a0\u00bb custom_margin=\u00a0\u00bb30px||42px||false|false\u00a0\u00bb custom_padding=\u00a0\u00bb||||false|false\u00a0\u00bb animation_style=\u00a0\u00bbflip\u00a0\u00bb box_shadow_style_button=\u00a0\u00bbpreset2&Prime; global_colors_info=\u00a0\u00bb{}\u00a0\u00bb][et_pb_social_media_follow_network social_network=\u00a0\u00bbfacebook\u00a0\u00bb url=\u00a0\u00bbhttps:\/\/www.facebook.com\/BMWMotorradAlbi\/\u00a0\u00bb _builder_version=\u00a0\u00bb4.25.0&Prime; _module_preset=\u00a0\u00bbdefault\u00a0\u00bb background_color=\u00a0\u00bb#3b5998&Prime; global_colors_info=\u00a0\u00bb{}\u00a0\u00bb follow_button=\u00a0\u00bbon\u00a0\u00bb url_new_window=\u00a0\u00bbon\u00a0\u00bb]facebook[\/et_pb_social_media_follow_network][et_pb_social_media_follow_network social_network=\u00a0\u00bbinstagram\u00a0\u00bb url=\u00a0\u00bbhttps:\/\/www.instagram.com\/bmw_motorrad_albi\/\u00a0\u00bb _builder_version=\u00a0\u00bb4.25.0&Prime; _module_preset=\u00a0\u00bbdefault\u00a0\u00bb background_color=\u00a0\u00bb#ea2c59&Prime; global_colors_info=\u00a0\u00bb{}\u00a0\u00bb follow_button=\u00a0\u00bbon\u00a0\u00bb url_new_window=\u00a0\u00bbon\u00a0\u00bb]instagram[\/et_pb_social_media_follow_network][et_pb_social_media_follow_network social_network=\u00a0\u00bblinkedin\u00a0\u00bb url=\u00a0\u00bbhttps:\/\/www.linkedin.com\/company\/bmw-motorrad-albi\/\u00a0\u00bb _builder_version=\u00a0\u00bb4.25.0&Prime; _module_preset=\u00a0\u00bbdefault\u00a0\u00bb background_color=\u00a0\u00bb#007bb6&Prime; global_colors_info=\u00a0\u00bb{}\u00a0\u00bb follow_button=\u00a0\u00bbon\u00a0\u00bb url_new_window=\u00a0\u00bbon\u00a0\u00bb]linkedin[\/et_pb_social_media_follow_network][\/et_pb_social_media_follow][dipl_separator seprator_thickness=\u00a0\u00bb1px\u00a0\u00bb separator_color=\u00a0\u00bb#8e8e8e\u00a0\u00bb _builder_version=\u00a0\u00bb4.25.0&Prime; _module_preset=\u00a0\u00bbdefault\u00a0\u00bb width=\u00a0\u00bb20%\u00a0\u00bb module_alignment=\u00a0\u00bbcenter\u00a0\u00bb min_height=\u00a0\u00bb0px\u00a0\u00bb custom_margin=\u00a0\u00bb30px||20px||false|false\u00a0\u00bb global_colors_info=\u00a0\u00bb{}\u00a0\u00bb][\/dipl_separator][\/et_pb_column][\/et_pb_row][\/et_pb_section]<\/p>\n<span class=\"et_bloom_bottom_trigger\"><\/span>","protected":false},"excerpt":{"rendered":"<p>Votre concession BMW Motorrad AlbiCoordonn\u00e9es Adresse : 1 Bis Route de Castres, 81000 AlbiTel : 05 63 47 20 15Horaires d&rsquo;ouverture Mardi 8h30 &#8211; 12h00 \/ 14h &#8211; 18h30Mercredi 8h30 &#8211; 12h00 \/ 14h &#8211; 18h30Jeudi 8h30 &#8211; 12h00 \/ 14h &#8211; 18h30Vendredi 8h30 &#8211; 12h00 \/ 14h &#8211; 18h30Samedi 9h00 &#8211; 12h00 \/ 14h00 [&hellip;]<\/p>\n","protected":false},"author":7,"featured_media":231449,"parent":0,"menu_order":0,"comment_status":"closed","ping_status":"closed","template":"","meta":{"_et_pb_use_builder":"on","_et_pb_old_content":"","_et_gb_content_width":"","two_page_speed":{"current_score":{"desktop_score":93,"desktop_tti":"1.5\u00a0","mobile_score":90,"mobile_tti":"5.1\u00a0","date":"10.10.2024 04:16:07 pm","status":"completed"}},"footnotes":""},"class_list":["post-228866","page","type-page","status-publish","has-post-thumbnail","hentry"],"_links":{"self":[{"href":"https:\/\/groupe-grim.com\/bmw-motorrad\/wp-json\/wp\/v2\/pages\/228866","targetHints":{"allow":["GET"]}}],"collection":[{"href":"https:\/\/groupe-grim.com\/bmw-motorrad\/wp-json\/wp\/v2\/pages"}],"about":[{"href":"https:\/\/groupe-grim.com\/bmw-motorrad\/wp-json\/wp\/v2\/types\/page"}],"author":[{"embeddable":true,"href":"https:\/\/groupe-grim.com\/bmw-motorrad\/wp-json\/wp\/v2\/users\/7"}],"replies":[{"embeddable":true,"href":"https:\/\/groupe-grim.com\/bmw-motorrad\/wp-json\/wp\/v2\/comments?post=228866"}],"version-history":[{"count":54,"href":"https:\/\/groupe-grim.com\/bmw-motorrad\/wp-json\/wp\/v2\/pages\/228866\/revisions"}],"predecessor-version":[{"id":232404,"href":"https:\/\/groupe-grim.com\/bmw-motorrad\/wp-json\/wp\/v2\/pages\/228866\/revisions\/232404"}],"wp:featuredmedia":[{"embeddable":true,"href":"https:\/\/groupe-grim.com\/bmw-motorrad\/wp-json\/wp\/v2\/media\/231449"}],"wp:attachment":[{"href":"https:\/\/groupe-grim.com\/bmw-motorrad\/wp-json\/wp\/v2\/media?parent=228866"}],"curies":[{"name":"wp","href":"https:\/\/api.w.org\/{rel}","templated":true}]}}