{"id":229178,"date":"2024-04-30T17:31:41","date_gmt":"2024-04-30T15:31:41","guid":{"rendered":"https:\/\/groupe-grim.com\/bmw-motorrad\/?page_id=229178"},"modified":"2026-03-17T09:38:09","modified_gmt":"2026-03-17T08:38:09","slug":"toulouse","status":"publish","type":"page","link":"https:\/\/groupe-grim.com\/bmw-motorrad\/toulouse\/","title":{"rendered":"Concession BMW Motorrad Toulouse"},"content":{"rendered":"<p>[et_pb_section fb_built=\u00a0\u00bb1&Prime; _builder_version=\u00a0\u00bb4.24.3&Prime; _module_preset=\u00a0\u00bbdefault\u00a0\u00bb global_colors_info=\u00a0\u00bb{}\u00a0\u00bb][et_pb_row _builder_version=\u00a0\u00bb4.24.3&Prime; _module_preset=\u00a0\u00bbdefault\u00a0\u00bb global_colors_info=\u00a0\u00bb{}\u00a0\u00bb][et_pb_column type=\u00a0\u00bb4_4&Prime; _builder_version=\u00a0\u00bb4.24.3&Prime; _module_preset=\u00a0\u00bbdefault\u00a0\u00bb global_colors_info=\u00a0\u00bb{}\u00a0\u00bb][et_pb_image src=\u00a0\u00bbhttps:\/\/groupe-grim.com\/bmw-motorrad\/wp-content\/uploads\/2024\/04\/Banniere-web-Toulouse.jpg\u00a0\u00bb alt=\u00a0\u00bbVille de Toulouse\u00a0\u00bb title_text=\u00a0\u00bbBanni\u00e8re web &#8211; Toulouse\u00a0\u00bb _builder_version=\u00a0\u00bb4.25.1&Prime; _module_preset=\u00a0\u00bbdefault\u00a0\u00bb global_colors_info=\u00a0\u00bb{}\u00a0\u00bb][\/et_pb_image][et_pb_text _builder_version=\u00a0\u00bb4.25.0&Prime; _module_preset=\u00a0\u00bbdefault\u00a0\u00bb custom_margin=\u00a0\u00bb10px||10px||true|false\u00a0\u00bb inline_fonts=\u00a0\u00bbBMWMotorrad Bold\u00a0\u00bb global_colors_info=\u00a0\u00bb{}\u00a0\u00bb]<\/p>\n<h1 style=\"text-align: center;\"><span style=\"font-family: 'BMWMotorrad Bold';\"><strong>Votre concession BMW Motorrad Toulouse<\/strong><\/span><\/h1>\n<p>[\/et_pb_text][\/et_pb_column][\/et_pb_row][et_pb_row column_structure=\u00a0\u00bb1_2,1_2&Prime; _builder_version=\u00a0\u00bb4.24.3&Prime; _module_preset=\u00a0\u00bbdefault\u00a0\u00bb custom_margin=\u00a0\u00bb30px||30px||false|false\u00a0\u00bb global_colors_info=\u00a0\u00bb{}\u00a0\u00bb][et_pb_column type=\u00a0\u00bb1_2&Prime; _builder_version=\u00a0\u00bb4.24.3&Prime; _module_preset=\u00a0\u00bbdefault\u00a0\u00bb global_colors_info=\u00a0\u00bb{}\u00a0\u00bb][et_pb_text _builder_version=\u00a0\u00bb4.25.0&Prime; _module_preset=\u00a0\u00bbdefault\u00a0\u00bb width=\u00a0\u00bb89%\u00a0\u00bb custom_margin=\u00a0\u00bb20px|30px||30px|false|false\u00a0\u00bb custom_padding=\u00a0\u00bb||0px|||\u00a0\u00bb inline_fonts=\u00a0\u00bbBMWMotorrad Bold,BMWMotorrad Regular\u00a0\u00bb global_colors_info=\u00a0\u00bb{}\u00a0\u00bb]<\/p>\n<h3><span style=\"font-family: 'BMWMotorrad Bold';\"><strong>Coordonn\u00e9es<\/strong><\/span><\/h3>\n<p><strong><\/strong><\/p>\n<p><span style=\"font-family: 'BMWMotorrad Regular'; font-weight: normal; font-size: large;\"><strong>Tel : <\/strong>05 67 80 05 01<\/span><\/p>\n<p><span style=\"font-family: 'BMWMotorrad Regular'; font-weight: normal; font-size: large;\"><strong>Adresse : <\/strong><\/span><span style=\"font-family: 'BMWMotorrad Regular'; font-weight: normal; font-size: large;\"><strong><\/strong><\/span><span style=\"color: #0062ff;\"><a href=\"https:\/\/maps.app.goo.gl\/ss6ZyETnwBC4iLTQ7\" style=\"color: #0062ff;\" target=\"_blank\" rel=\"noopener\"><span style=\"font-family: 'BMWMotorrad Regular'; font-size: large;\">2721 route de Bazi\u00e8ge La Lauragaise \u00e0 Lab\u00e8ge<\/span><\/a><\/span><\/p>\n<p>[\/et_pb_text][et_pb_text _builder_version=\u00a0\u00bb4.27.5&Prime; _module_preset=\u00a0\u00bbdefault\u00a0\u00bb custom_margin=\u00a0\u00bb|30px||30px|false|false\u00a0\u00bb inline_fonts=\u00a0\u00bbBMWMotorrad Bold,BMWMotorrad Regular\u00a0\u00bb global_colors_info=\u00a0\u00bb{}\u00a0\u00bb]<\/p>\n<h3><span style=\"font-family: 'BMWMotorrad Bold';\"><strong>Horaires de la concession<\/strong><\/span><\/h3>\n<p><span style=\"font-family: 'BMWMotorrad Regular'; font-weight: normal; font-size: large;\"><strong>Mardi au Vendredi <\/strong>8h30 &#8211; 19h00<\/span><\/p>\n<p><span style=\"font-family: 'BMWMotorrad Regular'; font-weight: normal; font-size: large;\"><strong>Samedi <\/strong>8h30 &#8211; 18h00<\/span><\/p>\n<p>[\/et_pb_text][et_pb_text _builder_version=\u00a0\u00bb4.27.5&Prime; _module_preset=\u00a0\u00bbdefault\u00a0\u00bb custom_margin=\u00a0\u00bb|30px||30px|false|false\u00a0\u00bb inline_fonts=\u00a0\u00bbBMWMotorrad Bold,BMWMotorrad Regular\u00a0\u00bb global_colors_info=\u00a0\u00bb{}\u00a0\u00bb]<\/p>\n<h3><span style=\"font-family: 'BMWMotorrad Bold';\"><strong>Horaires de l&rsquo;atelier<\/strong><\/span><\/h3>\n<p><span style=\"font-family: 'BMWMotorrad Regular'; font-weight: normal; font-size: large;\"><strong>Mardi au Vendredi <\/strong>8h30 &#8211; 13h et 14h &#8211; 18h<\/span><\/p>\n<p><strong style=\"font-family: 'BMWMotorrad Regular'; font-size: large;\">Samedi <\/strong><span style=\"font-family: 'BMWMotorrad Regular'; font-size: large;\">8h30 &#8211; 13h et 14h &#8211; 17h<\/span><\/p>\n<p><span style=\"font-family: 'BMWMotorrad Regular'; font-size: large;\"><\/span><\/p>\n<p>[\/et_pb_text][et_pb_button button_url=\u00a0\u00bbhttps:\/\/groupe-grim.com\/rendez-vous\/?brand=motorrad\u00a0\u00bb url_new_window=\u00a0\u00bbon\u00a0\u00bb button_text=\u00a0\u00bbPrendre rendez-vous\u00a0\u00bb button_alignment=\u00a0\u00bbcenter\u00a0\u00bb _builder_version=\u00a0\u00bb4.27.5&Prime; _module_preset=\u00a0\u00bbdefault\u00a0\u00bb custom_button=\u00a0\u00bbon\u00a0\u00bb button_text_size=\u00a0\u00bb16px\u00a0\u00bb button_text_color=\u00a0\u00bb#FFFFFF\u00a0\u00bb button_bg_color=\u00a0\u00bb#0062ff\u00a0\u00bb button_border_width=\u00a0\u00bb0px\u00a0\u00bb button_border_color=\u00a0\u00bb#000000&Prime; button_border_radius=\u00a0\u00bb3px\u00a0\u00bb button_font=\u00a0\u00bbBMWMotorrad Regular|||on|||||\u00a0\u00bb button_icon=\u00a0\u00bb&#xe025;||divi||400&Prime; box_shadow_style=\u00a0\u00bbpreset2&Prime; global_colors_info=\u00a0\u00bb{}\u00a0\u00bb][\/et_pb_button][\/et_pb_column][et_pb_column type=\u00a0\u00bb1_2&Prime; _builder_version=\u00a0\u00bb4.24.3&Prime; _module_preset=\u00a0\u00bbdefault\u00a0\u00bb global_colors_info=\u00a0\u00bb{}\u00a0\u00bb][et_pb_image src=\u00a0\u00bbhttps:\/\/groupe-grim.com\/bmw-motorrad\/wp-content\/uploads\/2025\/07\/Concession-BMW-Motorrad-Toulouse.jpg\u00a0\u00bb alt=\u00a0\u00bbConcession BMW Motorrad Toulouse\u00a0\u00bb title_text=\u00a0\u00bbConcession BMW Motorrad Toulouse\u00a0\u00bb _builder_version=\u00a0\u00bb4.27.4&Prime; _module_preset=\u00a0\u00bbdefault\u00a0\u00bb border_width_all=\u00a0\u00bb7px\u00a0\u00bb border_color_all=\u00a0\u00bb#FFFFFF\u00a0\u00bb box_shadow_style=\u00a0\u00bbpreset2&Prime; global_colors_info=\u00a0\u00bb{}\u00a0\u00bb][\/et_pb_image][\/et_pb_column][\/et_pb_row][et_pb_row _builder_version=\u00a0\u00bb4.24.3&Prime; _module_preset=\u00a0\u00bbdefault\u00a0\u00bb global_colors_info=\u00a0\u00bb{}\u00a0\u00bb][et_pb_column type=\u00a0\u00bb4_4&Prime; _builder_version=\u00a0\u00bb4.24.3&Prime; _module_preset=\u00a0\u00bbdefault\u00a0\u00bb global_colors_info=\u00a0\u00bb{}\u00a0\u00bb][et_pb_text _builder_version=\u00a0\u00bb4.27.4&Prime; _module_preset=\u00a0\u00bbdefault\u00a0\u00bb min_height=\u00a0\u00bb101.2px\u00a0\u00bb custom_margin=\u00a0\u00bb30px|30px|30px|30px|false|false\u00a0\u00bb inline_fonts=\u00a0\u00bbBMWMotorrad Regular\u00a0\u00bb global_colors_info=\u00a0\u00bb{}\u00a0\u00bb]<\/p>\n<p><span style=\"font-family: 'BMWMotorrad Regular'; font-size: large;\">C&rsquo;est en f\u00e9vrier 2012 que la concession <\/span><strong style=\"font-family: 'BMWMotorrad Regular'; font-size: large;\">BMW Motorrad Toulouse <\/strong><span style=\"font-family: 'BMWMotorrad Regular'; font-size: large;\">est n\u00e9e. Depuis ce jour, toute l&rsquo;\u00e9quipe se mobilise autour d&rsquo;une volont\u00e9 commune : partager sa passion de la moto et rendre accessible le plaisir ultime de piloter une moto BMW.<\/span><span style=\"font-family: 'BMWMotorrad Regular'; font-weight: normal; font-size: large;\"><\/span><\/p>\n<p><span style=\"font-family: 'BMWMotorrad Regular'; font-weight: normal; font-size: large;\">V\u00e9ritables amoureux de la moto, nos experts BMW Motorrad sont parvenus \u00e0 f\u00e9d\u00e9rer une communaut\u00e9 de motards passionn\u00e9s, faisant de la concession une institution du deux-roues en Haute-Garonne !<\/span><\/p>\n<p><span style=\"font-family: 'BMWMotorrad Regular'; font-weight: normal; font-size: large;\">Depuis le 8 juillet 2025, nous accueillons les clients dans notre nouvelle concession BMW Motorrad Toulouse \u00e0 Lab\u00e8ge : Un showroom plus grand con\u00e7u comme un v\u00e9ritable lieu de rencontre pour tous les passionn\u00e9s de deux-roues. Vous pourrez y trouver une large gamme de motos neuves et d&rsquo;occasion ainsi que des \u00e9quipements du pilote et des accessoires.\u00a0<\/span><\/p>\n<p>[\/et_pb_text][\/et_pb_column][\/et_pb_row][et_pb_row _builder_version=\u00a0\u00bb4.25.0&Prime; _module_preset=\u00a0\u00bbdefault\u00a0\u00bb global_colors_info=\u00a0\u00bb{}\u00a0\u00bb][et_pb_column type=\u00a0\u00bb4_4&Prime; _builder_version=\u00a0\u00bb4.25.0&Prime; _module_preset=\u00a0\u00bbdefault\u00a0\u00bb global_colors_info=\u00a0\u00bb{}\u00a0\u00bb][dipl_image_card_carousel slider_loop=\u00a0\u00bbon\u00a0\u00bb show_arrow=\u00a0\u00bbon\u00a0\u00bb previous_slide_arrow=\u00a0\u00bb&#x34;||divi||400&Prime; next_slide_arrow=\u00a0\u00bb&#x35;||divi||400&Prime; arrows_position=\u00a0\u00bboutside\u00a0\u00bb arrow_font_size=\u00a0\u00bb50px\u00a0\u00bb arrow_color=\u00a0\u00bb#939393&Prime; slider_container_custom_padding=\u00a0\u00bb||0px||false|false\u00a0\u00bb cards_per_slide_tablet=\u00a0\u00bb2&Prime; cards_per_slide_phone=\u00a0\u00bb1&Prime; _builder_version=\u00a0\u00bb4.27.4&Prime; _module_preset=\u00a0\u00bbdefault\u00a0\u00bb module_alignment=\u00a0\u00bbcenter\u00a0\u00bb custom_margin=\u00a0\u00bb10px||10px||false|false\u00a0\u00bb custom_padding=\u00a0\u00bb||0px|||\u00a0\u00bb global_colors_info=\u00a0\u00bb{}\u00a0\u00bb][dipl_image_card_carousel_item image=\u00a0\u00bbhttps:\/\/groupe-grim.com\/bmw-motorrad\/wp-content\/uploads\/2025\/07\/Concession-BMW-Motorrad-Toulouse-8.jpg\u00a0\u00bb _builder_version=\u00a0\u00bb4.27.4&Prime; _module_preset=\u00a0\u00bbdefault\u00a0\u00bb global_colors_info=\u00a0\u00bb{}\u00a0\u00bb][\/dipl_image_card_carousel_item][dipl_image_card_carousel_item image=\u00a0\u00bbhttps:\/\/groupe-grim.com\/bmw-motorrad\/wp-content\/uploads\/2025\/07\/Concession-BMW-Motorrad-Toulouse-6.jpg\u00a0\u00bb _builder_version=\u00a0\u00bb4.27.4&Prime; _module_preset=\u00a0\u00bbdefault\u00a0\u00bb global_colors_info=\u00a0\u00bb{}\u00a0\u00bb][\/dipl_image_card_carousel_item][dipl_image_card_carousel_item image=\u00a0\u00bbhttps:\/\/groupe-grim.com\/bmw-motorrad\/wp-content\/uploads\/2025\/07\/Concession-BMW-Motorrad-Toulouse-5.jpg\u00a0\u00bb _builder_version=\u00a0\u00bb4.27.4&Prime; _module_preset=\u00a0\u00bbdefault\u00a0\u00bb global_colors_info=\u00a0\u00bb{}\u00a0\u00bb][\/dipl_image_card_carousel_item][dipl_image_card_carousel_item image=\u00a0\u00bbhttps:\/\/groupe-grim.com\/bmw-motorrad\/wp-content\/uploads\/2025\/07\/Concession-BMW-Motorrad-Toulouse-4.jpg\u00a0\u00bb _builder_version=\u00a0\u00bb4.27.4&Prime; _module_preset=\u00a0\u00bbdefault\u00a0\u00bb global_colors_info=\u00a0\u00bb{}\u00a0\u00bb][\/dipl_image_card_carousel_item][dipl_image_card_carousel_item image=\u00a0\u00bbhttps:\/\/groupe-grim.com\/bmw-motorrad\/wp-content\/uploads\/2025\/07\/Concession-BMW-Motorrad-Toulouse-3.jpg\u00a0\u00bb _builder_version=\u00a0\u00bb4.27.4&Prime; _module_preset=\u00a0\u00bbdefault\u00a0\u00bb global_colors_info=\u00a0\u00bb{}\u00a0\u00bb][\/dipl_image_card_carousel_item][dipl_image_card_carousel_item image=\u00a0\u00bbhttps:\/\/groupe-grim.com\/bmw-motorrad\/wp-content\/uploads\/2025\/07\/Concession-BMW-Motorrad-Toulouse-2.jpg\u00a0\u00bb _builder_version=\u00a0\u00bb4.27.4&Prime; _module_preset=\u00a0\u00bbdefault\u00a0\u00bb global_colors_info=\u00a0\u00bb{}\u00a0\u00bb][\/dipl_image_card_carousel_item][dipl_image_card_carousel_item image=\u00a0\u00bbhttps:\/\/groupe-grim.com\/bmw-motorrad\/wp-content\/uploads\/2025\/07\/Concession-BMW-Motorrad-Toulouse-1.jpg\u00a0\u00bb _builder_version=\u00a0\u00bb4.27.4&Prime; _module_preset=\u00a0\u00bbdefault\u00a0\u00bb global_colors_info=\u00a0\u00bb{}\u00a0\u00bb][\/dipl_image_card_carousel_item][dipl_image_card_carousel_item image=\u00a0\u00bbhttps:\/\/groupe-grim.com\/bmw-motorrad\/wp-content\/uploads\/2025\/07\/Nouvelle-concess-Toulouse.jpg\u00a0\u00bb _builder_version=\u00a0\u00bb4.27.4&Prime; _module_preset=\u00a0\u00bbdefault\u00a0\u00bb global_colors_info=\u00a0\u00bb{}\u00a0\u00bb][\/dipl_image_card_carousel_item][\/dipl_image_card_carousel][et_pb_text _builder_version=\u00a0\u00bb4.25.0&Prime; _module_preset=\u00a0\u00bbdefault\u00a0\u00bb custom_margin=\u00a0\u00bb9px|30px|50px|30px|false|false\u00a0\u00bb inline_fonts=\u00a0\u00bbBMWMotorrad Regular\u00a0\u00bb global_colors_info=\u00a0\u00bb{}\u00a0\u00bb]<\/p>\n<p><span style=\"font-family: 'BMWMotorrad Regular'; font-weight: normal; font-size: large;\">Notre \u00e9quipe vous accompagne dans le choix de la moto qui vous ressemble parmi notre large gamme de <strong>motos neuves et d&rsquo;occasion<\/strong>, en prenant en compte vos besoins, votre budget et vos pr\u00e9f\u00e9rences.<\/span><\/p>\n<p><span style=\"font-family: 'BMWMotorrad Regular'; font-weight: normal; font-size: large;\"><strong>Le saviez-vous ?<\/strong> Avant de sauter le pas, vous pouvez tester la moto de vos r\u00eaves pendant quelques jours gr\u00e2ce \u00e0 notre service <a href=\"https:\/\/groupe-grim.com\/bmw-motorrad\/rent-a-ride\/\"><strong>RENT A RIDE<\/strong><\/a> !<\/span><\/p>\n<p><span style=\"font-family: 'BMWMotorrad Regular'; font-weight: normal; font-size: large;\">Rencontrez nos <strong>m\u00e9caniciens exp\u00e9riment\u00e9s<\/strong> dans un <strong>atelier \u00e9quip\u00e9<\/strong> pour r\u00e9parer votre v\u00e9hicule en utilisant des pi\u00e8ces d&rsquo;origine et des techniques appropri\u00e9es.<\/span><\/p>\n<p><span><span style=\"font-family: 'BMWMotorrad Regular'; font-weight: normal; font-size: large;\">Si vous recherchez \u00e0 vous d\u00e9marquer, nous pouvons cr\u00e9er ensemble une moto originale qui refl\u00e8te votre personnalit\u00e9 gr\u00e2ce \u00e0 notre <strong>service de customisation<\/strong><\/span>.<\/span><\/p>\n<p>[\/et_pb_text][\/et_pb_column][\/et_pb_row][et_pb_row _builder_version=\u00a0\u00bb4.25.1&Prime; _module_preset=\u00a0\u00bbdefault\u00a0\u00bb global_colors_info=\u00a0\u00bb{}\u00a0\u00bb][et_pb_column type=\u00a0\u00bb4_4&Prime; _builder_version=\u00a0\u00bb4.25.1&Prime; _module_preset=\u00a0\u00bbdefault\u00a0\u00bb global_colors_info=\u00a0\u00bb{}\u00a0\u00bb][et_pb_button button_url=\u00a0\u00bbhttps:\/\/www.fuelforlife.bmw-motorrad.com\/fr\/rental\/dealer\/bmw-moto-ride-toulouse.html\u00a0\u00bb button_text=\u00a0\u00bbR\u00c9SERVEZ VOTRE LOCATION RENT A RIDE\u00a0\u00bb button_alignment=\u00a0\u00bbcenter\u00a0\u00bb _builder_version=\u00a0\u00bb4.27.2&Prime; _module_preset=\u00a0\u00bbdefault\u00a0\u00bb custom_button=\u00a0\u00bbon\u00a0\u00bb button_text_size=\u00a0\u00bb16px\u00a0\u00bb button_text_color=\u00a0\u00bb#FFFFFF\u00a0\u00bb button_bg_color=\u00a0\u00bb#0062ff\u00a0\u00bb button_border_width=\u00a0\u00bb0px\u00a0\u00bb button_font=\u00a0\u00bbBMWMotorrad Regular|||on|||||\u00a0\u00bb button_icon=\u00a0\u00bb&#x35;||divi||400&Prime; custom_margin=\u00a0\u00bb10px||10px||false|false\u00a0\u00bb button_text_shadow_style=\u00a0\u00bbpreset3&Prime; box_shadow_style=\u00a0\u00bbpreset2&Prime; global_colors_info=\u00a0\u00bb{}\u00a0\u00bb][\/et_pb_button][\/et_pb_column][\/et_pb_row][et_pb_row column_structure=\u00a0\u00bb1_2,1_2&Prime; _builder_version=\u00a0\u00bb4.25.0&Prime; _module_preset=\u00a0\u00bbdefault\u00a0\u00bb custom_padding=\u00a0\u00bb40px|||||\u00a0\u00bb global_colors_info=\u00a0\u00bb{}\u00a0\u00bb][et_pb_column type=\u00a0\u00bb1_2&Prime; _builder_version=\u00a0\u00bb4.25.0&Prime; _module_preset=\u00a0\u00bbdefault\u00a0\u00bb global_colors_info=\u00a0\u00bb{}\u00a0\u00bb][et_pb_image src=\u00a0\u00bbhttps:\/\/groupe-grim.com\/bmw-motorrad\/wp-content\/uploads\/2025\/07\/Concession-BMW-Motorrad-Toulouse-3.jpg\u00a0\u00bb alt=\u00a0\u00bbConcession BMW Motorrad Toulouse\u00a0\u00bb title_text=\u00a0\u00bbConcession BMW Motorrad Toulouse 3&Prime; align=\u00a0\u00bbcenter\u00a0\u00bb _builder_version=\u00a0\u00bb4.27.4&Prime; _module_preset=\u00a0\u00bbdefault\u00a0\u00bb width=\u00a0\u00bb95%\u00a0\u00bb custom_padding=\u00a0\u00bb21px|||||\u00a0\u00bb border_width_all=\u00a0\u00bb7px\u00a0\u00bb border_color_all=\u00a0\u00bb#FFFFFF\u00a0\u00bb box_shadow_style=\u00a0\u00bbpreset2&Prime; global_colors_info=\u00a0\u00bb{}\u00a0\u00bb][\/et_pb_image][\/et_pb_column][et_pb_column type=\u00a0\u00bb1_2&Prime; _builder_version=\u00a0\u00bb4.25.0&Prime; _module_preset=\u00a0\u00bbdefault\u00a0\u00bb global_colors_info=\u00a0\u00bb{}\u00a0\u00bb][et_pb_text _builder_version=\u00a0\u00bb4.25.0&Prime; _module_preset=\u00a0\u00bbdefault\u00a0\u00bb width=\u00a0\u00bb81%\u00a0\u00bb module_alignment=\u00a0\u00bbcenter\u00a0\u00bb custom_margin=\u00a0\u00bb42px|30px|42px|30px|true|true\u00a0\u00bb inline_fonts=\u00a0\u00bbBMWMotorrad Regular\u00a0\u00bb global_colors_info=\u00a0\u00bb{}\u00a0\u00bb]<\/p>\n<p><span style=\"font-family: 'BMWMotorrad Regular'; font-weight: normal; font-size: large;\"><strong>Rejoignez notre communaut\u00e9<\/strong> et participez \u00e0 nos nombreux \u00e9v\u00e8nements : balades \u00e0 motos, journ\u00e9es portes ouvertes ou afterworks, et \u00e9changez avec d&rsquo;autres amoureux du deux-roues !<\/span><\/p>\n<p><span style=\"font-family: 'BMWMotorrad Regular'; font-weight: normal; font-size: large;\">Besoin de conseils ? De renseignements sur nos produits ? Envie de discuter autour de notre passion partag\u00e9e ?<\/span><\/p>\n<p><span style=\"font-family: 'BMWMotorrad Regular'; font-weight: normal; font-size: large;\"><strong>\u00c0 bient\u00f4t dans votre concession BMW Motorrad Toulouse !<\/strong><\/span><\/p>\n<p>[\/et_pb_text][\/et_pb_column][\/et_pb_row][et_pb_row _builder_version=\u00a0\u00bb4.25.1&Prime; _module_preset=\u00a0\u00bbdefault\u00a0\u00bb global_colors_info=\u00a0\u00bb{}\u00a0\u00bb][et_pb_column type=\u00a0\u00bb4_4&Prime; _builder_version=\u00a0\u00bb4.25.1&Prime; _module_preset=\u00a0\u00bbdefault\u00a0\u00bb global_colors_info=\u00a0\u00bb{}\u00a0\u00bb][et_pb_text _builder_version=\u00a0\u00bb4.25.1&Prime; _module_preset=\u00a0\u00bbdefault\u00a0\u00bb min_height=\u00a0\u00bb36px\u00a0\u00bb custom_padding=\u00a0\u00bb45px|||||\u00a0\u00bb inline_fonts=\u00a0\u00bbBMWMotorrad Bold\u00a0\u00bb global_colors_info=\u00a0\u00bb{}\u00a0\u00bb]<\/p>\n<h2 style=\"text-align: center;\"><span style=\"font-family: 'BMWMotorrad Bold';\"><strong>Les derni\u00e8res actualit\u00e9s de la concession<\/strong><\/span><\/h2>\n<p>[\/et_pb_text][dipl_separator seprator_thickness=\u00a0\u00bb1px\u00a0\u00bb separator_color=\u00a0\u00bb#000000&Prime; _builder_version=\u00a0\u00bb4.25.1&Prime; _module_preset=\u00a0\u00bbdefault\u00a0\u00bb width=\u00a0\u00bb20%\u00a0\u00bb module_alignment=\u00a0\u00bbcenter\u00a0\u00bb global_colors_info=\u00a0\u00bb{}\u00a0\u00bb][\/dipl_separator][dipl_blog_slider slider_layout=\u00a0\u00bblayout4&Prime; include_categories=\u00a0\u00bb15,4&Prime; excerpt_length=\u00a0\u00bb0&Prime; show_author=\u00a0\u00bboff\u00a0\u00bb show_date=\u00a0\u00bboff\u00a0\u00bb show_categories=\u00a0\u00bboff\u00a0\u00bb show_comments=\u00a0\u00bboff\u00a0\u00bb read_more_text=\u00a0\u00bbVoir plus\u00a0\u00bb show_control_dot=\u00a0\u00bboff\u00a0\u00bb post_per_slide_tablet=\u00a0\u00bb2&Prime; post_per_slide_phone=\u00a0\u00bb1&Prime; _builder_version=\u00a0\u00bb4.27.2&Prime; _module_preset=\u00a0\u00bbdefault\u00a0\u00bb title_font=\u00a0\u00bbBMWMotorrad Regular||||||||\u00a0\u00bb title_text_align=\u00a0\u00bbcenter\u00a0\u00bb title_font_size=\u00a0\u00bb16px\u00a0\u00bb body_font=\u00a0\u00bbBMWMotorrad Regular||||||||\u00a0\u00bb custom_read_more=\u00a0\u00bbon\u00a0\u00bb read_more_text_size=\u00a0\u00bb16px\u00a0\u00bb read_more_text_color=\u00a0\u00bb#FFFFFF\u00a0\u00bb read_more_bg_color=\u00a0\u00bb#0062ff\u00a0\u00bb read_more_border_width=\u00a0\u00bb0px\u00a0\u00bb read_more_font=\u00a0\u00bbBMWMotorrad Regular||||||||\u00a0\u00bb read_more_alignment=\u00a0\u00bbcenter\u00a0\u00bb read_more_text_shadow_style=\u00a0\u00bbpreset3&Prime; global_colors_info=\u00a0\u00bb{}\u00a0\u00bb][\/dipl_blog_slider][\/et_pb_column][\/et_pb_row][et_pb_row _builder_version=\u00a0\u00bb4.24.3&Prime; _module_preset=\u00a0\u00bbdefault\u00a0\u00bb global_colors_info=\u00a0\u00bb{}\u00a0\u00bb][et_pb_column type=\u00a0\u00bb4_4&Prime; _builder_version=\u00a0\u00bb4.24.3&Prime; _module_preset=\u00a0\u00bbdefault\u00a0\u00bb global_colors_info=\u00a0\u00bb{}\u00a0\u00bb][dipl_separator seprator_thickness=\u00a0\u00bb1px\u00a0\u00bb separator_color=\u00a0\u00bb#8e8e8e\u00a0\u00bb _builder_version=\u00a0\u00bb4.25.0&Prime; _module_preset=\u00a0\u00bbdefault\u00a0\u00bb width=\u00a0\u00bb20%\u00a0\u00bb module_alignment=\u00a0\u00bbcenter\u00a0\u00bb min_height=\u00a0\u00bb0px\u00a0\u00bb custom_margin=\u00a0\u00bb40px||20px||false|false\u00a0\u00bb global_colors_info=\u00a0\u00bb{}\u00a0\u00bb][\/dipl_separator][et_pb_text _builder_version=\u00a0\u00bb4.25.0&Prime; _module_preset=\u00a0\u00bbdefault\u00a0\u00bb custom_margin=\u00a0\u00bb34px||||false|false\u00a0\u00bb custom_padding=\u00a0\u00bb||2px|||\u00a0\u00bb inline_fonts=\u00a0\u00bbBMWMotorrad Bold\u00a0\u00bb global_colors_info=\u00a0\u00bb{}\u00a0\u00bb]<\/p>\n<h2 style=\"text-align: center;\"><span style=\"font-family: 'BMWMotorrad Bold'; font-weight: normal;\"><strong>Rejoignez-nous sur les r\u00e9seaux sociaux !<\/strong><\/span><\/h2>\n<p>[\/et_pb_text][et_pb_social_media_follow follow_button=\u00a0\u00bbon\u00a0\u00bb use_icon_font_size=\u00a0\u00bbon\u00a0\u00bb icon_font_size=\u00a0\u00bb24px\u00a0\u00bb _builder_version=\u00a0\u00bb4.25.0&Prime; _module_preset=\u00a0\u00bbdefault\u00a0\u00bb custom_button=\u00a0\u00bbon\u00a0\u00bb button_text_size=\u00a0\u00bb16px\u00a0\u00bb button_text_color=\u00a0\u00bb#000000&Prime; button_bg_color=\u00a0\u00bb#FFFFFF\u00a0\u00bb button_border_width=\u00a0\u00bb1px\u00a0\u00bb button_border_color=\u00a0\u00bb#8c8c8c\u00a0\u00bb button_border_radius=\u00a0\u00bb5px\u00a0\u00bb button_letter_spacing=\u00a0\u00bb0px\u00a0\u00bb button_font=\u00a0\u00bb||||||||\u00a0\u00bb text_orientation=\u00a0\u00bbcenter\u00a0\u00bb custom_margin=\u00a0\u00bb30px||42px||false|false\u00a0\u00bb custom_padding=\u00a0\u00bb||||false|false\u00a0\u00bb animation_style=\u00a0\u00bbflip\u00a0\u00bb box_shadow_style_button=\u00a0\u00bbpreset2&Prime; global_colors_info=\u00a0\u00bb{}\u00a0\u00bb][et_pb_social_media_follow_network social_network=\u00a0\u00bbfacebook\u00a0\u00bb url=\u00a0\u00bbhttps:\/\/www.facebook.com\/BMWMotoRideToulouse\u00a0\u00bb _builder_version=\u00a0\u00bb4.25.0&Prime; _module_preset=\u00a0\u00bbdefault\u00a0\u00bb background_color=\u00a0\u00bb#3b5998&Prime; global_colors_info=\u00a0\u00bb{}\u00a0\u00bb follow_button=\u00a0\u00bbon\u00a0\u00bb url_new_window=\u00a0\u00bbon\u00a0\u00bb]facebook[\/et_pb_social_media_follow_network][et_pb_social_media_follow_network social_network=\u00a0\u00bbinstagram\u00a0\u00bb url=\u00a0\u00bbhttps:\/\/www.instagram.com\/bmw_motorrad_toulouse\u00a0\u00bb _builder_version=\u00a0\u00bb4.25.0&Prime; _module_preset=\u00a0\u00bbdefault\u00a0\u00bb background_color=\u00a0\u00bb#ea2c59&Prime; global_colors_info=\u00a0\u00bb{}\u00a0\u00bb follow_button=\u00a0\u00bbon\u00a0\u00bb url_new_window=\u00a0\u00bbon\u00a0\u00bb]instagram[\/et_pb_social_media_follow_network][et_pb_social_media_follow_network social_network=\u00a0\u00bblinkedin\u00a0\u00bb url=\u00a0\u00bbhttps:\/\/www.linkedin.com\/company\/bmw-motorrad-toulouse\/\u00a0\u00bb _builder_version=\u00a0\u00bb4.25.0&Prime; _module_preset=\u00a0\u00bbdefault\u00a0\u00bb background_color=\u00a0\u00bb#007bb6&Prime; global_colors_info=\u00a0\u00bb{}\u00a0\u00bb follow_button=\u00a0\u00bbon\u00a0\u00bb url_new_window=\u00a0\u00bbon\u00a0\u00bb]linkedin[\/et_pb_social_media_follow_network][\/et_pb_social_media_follow][dipl_separator seprator_thickness=\u00a0\u00bb1px\u00a0\u00bb separator_color=\u00a0\u00bb#8e8e8e\u00a0\u00bb _builder_version=\u00a0\u00bb4.25.0&Prime; _module_preset=\u00a0\u00bbdefault\u00a0\u00bb width=\u00a0\u00bb20%\u00a0\u00bb module_alignment=\u00a0\u00bbcenter\u00a0\u00bb min_height=\u00a0\u00bb0px\u00a0\u00bb custom_margin=\u00a0\u00bb30px||20px||false|false\u00a0\u00bb global_colors_info=\u00a0\u00bb{}\u00a0\u00bb][\/dipl_separator][\/et_pb_column][\/et_pb_row][\/et_pb_section]<\/p>\n<span class=\"et_bloom_bottom_trigger\"><\/span>","protected":false},"excerpt":{"rendered":"<p>Votre concession BMW Motorrad ToulouseCoordonn\u00e9es Tel : 05 67 80 05 01 Adresse : 2721 route de Bazi\u00e8ge La Lauragaise \u00e0 Lab\u00e8geHoraires de la concession Mardi au Vendredi 8h30 &#8211; 19h00 Samedi 8h30 &#8211; 18h00Horaires de l&rsquo;atelier Mardi au Vendredi 8h30 &#8211; 13h et 14h &#8211; 18h Samedi 8h30 &#8211; 13h et 14h &#8211; 17h [&hellip;]<\/p>\n","protected":false},"author":7,"featured_media":229446,"parent":0,"menu_order":0,"comment_status":"closed","ping_status":"closed","template":"","meta":{"_et_pb_use_builder":"on","_et_pb_old_content":"","_et_gb_content_width":"","two_page_speed":[],"footnotes":""},"class_list":["post-229178","page","type-page","status-publish","has-post-thumbnail","hentry"],"_links":{"self":[{"href":"https:\/\/groupe-grim.com\/bmw-motorrad\/wp-json\/wp\/v2\/pages\/229178","targetHints":{"allow":["GET"]}}],"collection":[{"href":"https:\/\/groupe-grim.com\/bmw-motorrad\/wp-json\/wp\/v2\/pages"}],"about":[{"href":"https:\/\/groupe-grim.com\/bmw-motorrad\/wp-json\/wp\/v2\/types\/page"}],"author":[{"embeddable":true,"href":"https:\/\/groupe-grim.com\/bmw-motorrad\/wp-json\/wp\/v2\/users\/7"}],"replies":[{"embeddable":true,"href":"https:\/\/groupe-grim.com\/bmw-motorrad\/wp-json\/wp\/v2\/comments?post=229178"}],"version-history":[{"count":44,"href":"https:\/\/groupe-grim.com\/bmw-motorrad\/wp-json\/wp\/v2\/pages\/229178\/revisions"}],"predecessor-version":[{"id":232391,"href":"https:\/\/groupe-grim.com\/bmw-motorrad\/wp-json\/wp\/v2\/pages\/229178\/revisions\/232391"}],"wp:featuredmedia":[{"embeddable":true,"href":"https:\/\/groupe-grim.com\/bmw-motorrad\/wp-json\/wp\/v2\/media\/229446"}],"wp:attachment":[{"href":"https:\/\/groupe-grim.com\/bmw-motorrad\/wp-json\/wp\/v2\/media?parent=229178"}],"curies":[{"name":"wp","href":"https:\/\/api.w.org\/{rel}","templated":true}]}}