{"id":38412,"date":"2024-07-26T15:19:12","date_gmt":"2024-07-26T13:19:12","guid":{"rendered":"https:\/\/groupe-grim.com\/bmw\/?page_id=38412"},"modified":"2026-02-17T13:04:51","modified_gmt":"2026-02-17T11:04:51","slug":"concession-bmw-aurillac","status":"publish","type":"page","link":"https:\/\/groupe-grim.com\/bmw\/concession-bmw-aurillac\/","title":{"rendered":"Votre concession BMW Aurillac"},"content":{"rendered":"<p>[et_pb_section fb_built=\u00a0\u00bb1&Prime; _builder_version=\u00a0\u00bb4.25.0&Prime; _module_preset=\u00a0\u00bbdefault\u00a0\u00bb global_colors_info=\u00a0\u00bb{}\u00a0\u00bb][et_pb_row _builder_version=\u00a0\u00bb4.24.3&Prime; _module_preset=\u00a0\u00bbdefault\u00a0\u00bb custom_padding=\u00a0\u00bb||2px|||\u00a0\u00bb global_colors_info=\u00a0\u00bb{}\u00a0\u00bb][et_pb_column type=\u00a0\u00bb4_4&Prime; _builder_version=\u00a0\u00bb4.24.3&Prime; _module_preset=\u00a0\u00bbdefault\u00a0\u00bb global_colors_info=\u00a0\u00bb{}\u00a0\u00bb][et_pb_image src=\u00a0\u00bbhttps:\/\/groupe-grim.com\/bmw\/wp-content\/uploads\/2024\/07\/Header-aurillac-1.jpg\u00a0\u00bb alt=\u00a0\u00bbConcession BMW Aurillac\u00a0\u00bb title_text=\u00a0\u00bbHeader aurillac\u00a0\u00bb _builder_version=\u00a0\u00bb4.25.0&Prime; _module_preset=\u00a0\u00bbdefault\u00a0\u00bb custom_margin=\u00a0\u00bb||45px|||\u00a0\u00bb global_colors_info=\u00a0\u00bb{}\u00a0\u00bb][\/et_pb_image][et_pb_text _builder_version=\u00a0\u00bb4.25.0&Prime; _module_preset=\u00a0\u00bbdefault\u00a0\u00bb custom_margin=\u00a0\u00bb10px||10px||true|false\u00a0\u00bb global_colors_info=\u00a0\u00bb{}\u00a0\u00bb]<\/p>\n<h1 style=\"text-align: center;\"><strong>Votre concession BMW Aurillac<\/strong><\/h1>\n<p>[\/et_pb_text][\/et_pb_column][\/et_pb_row][et_pb_row column_structure=\u00a0\u00bb1_2,1_2&Prime; _builder_version=\u00a0\u00bb4.24.3&Prime; _module_preset=\u00a0\u00bbdefault\u00a0\u00bb custom_margin=\u00a0\u00bb30px||30px||false|false\u00a0\u00bb global_colors_info=\u00a0\u00bb{}\u00a0\u00bb][et_pb_column type=\u00a0\u00bb1_2&Prime; _builder_version=\u00a0\u00bb4.24.3&Prime; _module_preset=\u00a0\u00bbdefault\u00a0\u00bb global_colors_info=\u00a0\u00bb{}\u00a0\u00bb][et_pb_text _builder_version=\u00a0\u00bb4.25.0&Prime; _module_preset=\u00a0\u00bbdefault\u00a0\u00bb custom_margin=\u00a0\u00bb20px|30px||30px|false|false\u00a0\u00bb global_colors_info=\u00a0\u00bb{}\u00a0\u00bb]<\/p>\n<h3><strong>Coordonn\u00e9es<\/strong><\/h3>\n<p><strong><\/strong><\/p>\n<p><strong>Tel : <\/strong>04 71 64 58 44<\/p>\n<p><strong>Adresse : <\/strong><a href=\"https:\/\/www.google.com\/maps\/place\/\/data=!4m2!3m1!1s0x12ad55e955b14f11:0xeb94b106b43dfb62?sa=X&amp;ved=1t:8290&amp;ictx=111\" target=\"_blank\" rel=\"noopener\">40 Avenue Georges Pompidou, 15000 Aurillac<\/a><\/p>\n<p>&nbsp;<\/p>\n<p>[\/et_pb_text][et_pb_text _builder_version=\u00a0\u00bb4.25.0&Prime; _module_preset=\u00a0\u00bbdefault\u00a0\u00bb custom_margin=\u00a0\u00bb|30px||30px|false|false\u00a0\u00bb global_colors_info=\u00a0\u00bb{}\u00a0\u00bb]<\/p>\n<h3><strong>Horaires de la concession<\/strong><\/h3>\n<p><strong><\/strong><\/p>\n<p><strong>Lundi au Vendredi <\/strong>9h &#8211; 12h et 14h &#8211; 19h<\/p>\n<p><strong>Samedi<\/strong> 9h &#8211; 12h et 14h &#8211; 18h<\/p>\n<p>[\/et_pb_text][et_pb_text _builder_version=\u00a0\u00bb4.25.0&Prime; _module_preset=\u00a0\u00bbdefault\u00a0\u00bb custom_margin=\u00a0\u00bb|30px||30px|false|false\u00a0\u00bb global_colors_info=\u00a0\u00bb{}\u00a0\u00bb]<\/p>\n<h3><strong>Horaires de l&rsquo;atelier<\/strong><\/h3>\n<p><strong><\/strong><\/p>\n<p><strong>Lundi <\/strong>9h &#8211; 12h et 14h &#8211; 18h<\/p>\n<p><strong>Mardi au vendredi<\/strong> 8h &#8211; 12h et 14h &#8211; 18h<\/p>\n<p>[\/et_pb_text][et_pb_button button_url=\u00a0\u00bbhttps:\/\/groupe-grim.com\/rendez-vous\/?brand=bmw\u00a0\u00bb url_new_window=\u00a0\u00bbon\u00a0\u00bb button_text=\u00a0\u00bbPrendre rendez-vous\u00a0\u00bb button_alignment=\u00a0\u00bbcenter\u00a0\u00bb _builder_version=\u00a0\u00bb4.27.5&Prime; _module_preset=\u00a0\u00bbdefault\u00a0\u00bb custom_button=\u00a0\u00bbon\u00a0\u00bb button_text_size=\u00a0\u00bb20px\u00a0\u00bb button_text_color=\u00a0\u00bb#FFFFFF\u00a0\u00bb button_bg_color=\u00a0\u00bb#0c71c3&Prime; button_border_width=\u00a0\u00bb0px\u00a0\u00bb button_border_color=\u00a0\u00bb#FFFFFF\u00a0\u00bb button_border_radius=\u00a0\u00bb3px\u00a0\u00bb button_font=\u00a0\u00bbEUBMWFR_CHARTE_BMW_Polices_BMWTypeNext Light|&#8211;et_global_body_font_weight|||||||\u00a0\u00bb button_icon=\u00a0\u00bb&#xe025;||divi||400&Prime; hover_enabled=\u00a0\u00bb0&Prime; box_shadow_style=\u00a0\u00bbpreset2&Prime; global_colors_info=\u00a0\u00bb{}\u00a0\u00bb sticky_enabled=\u00a0\u00bb0&Prime;][\/et_pb_button][\/et_pb_column][et_pb_column type=\u00a0\u00bb1_2&Prime; _builder_version=\u00a0\u00bb4.24.3&Prime; _module_preset=\u00a0\u00bbdefault\u00a0\u00bb global_colors_info=\u00a0\u00bb{}\u00a0\u00bb][et_pb_image src=\u00a0\u00bbhttps:\/\/groupe-grim.com\/bmw\/wp-content\/uploads\/2024\/07\/Encart-Vehicules-en-stock-carre.jpg\u00a0\u00bb alt=\u00a0\u00bbBMW en stock aurillac\u00a0\u00bb title_text=\u00a0\u00bbEncart V\u00e9hicules en stock carr\u00e9\u00a0\u00bb url=\u00a0\u00bbhttps:\/\/www.bmw.fr\/fr-fr\/sl\/stocklocator#\/results?buno=05528&#038;filters=%22PURCHASE_ONLINE%22:%91true%93&Prime; _builder_version=\u00a0\u00bb4.25.0&Prime; _module_preset=\u00a0\u00bbdefault\u00a0\u00bb width=\u00a0\u00bb85%\u00a0\u00bb border_width_all=\u00a0\u00bb8px\u00a0\u00bb border_color_all=\u00a0\u00bb#FFFFFF\u00a0\u00bb box_shadow_style=\u00a0\u00bbpreset2&Prime; global_colors_info=\u00a0\u00bb{}\u00a0\u00bb][\/et_pb_image][\/et_pb_column][\/et_pb_row][et_pb_row _builder_version=\u00a0\u00bb4.24.3&Prime; _module_preset=\u00a0\u00bbdefault\u00a0\u00bb custom_padding=\u00a0\u00bb35px|||||\u00a0\u00bb global_colors_info=\u00a0\u00bb{}\u00a0\u00bb][et_pb_column type=\u00a0\u00bb4_4&Prime; _builder_version=\u00a0\u00bb4.24.3&Prime; _module_preset=\u00a0\u00bbdefault\u00a0\u00bb global_colors_info=\u00a0\u00bb{}\u00a0\u00bb][et_pb_text _builder_version=\u00a0\u00bb4.25.0&Prime; _module_preset=\u00a0\u00bbdefault\u00a0\u00bb custom_margin=\u00a0\u00bb9px|30px|50px|30px|false|false\u00a0\u00bb global_colors_info=\u00a0\u00bb{}\u00a0\u00bb]<\/p>\n<h2>Votre concessionnaire de confiance depuis 1984<\/h2>\n<p>[\/et_pb_text][et_pb_text _builder_version=\u00a0\u00bb4.25.0&Prime; _module_preset=\u00a0\u00bbdefault\u00a0\u00bb min_height=\u00a0\u00bb101.2px\u00a0\u00bb custom_margin=\u00a0\u00bb30px|30px|30px|30px|false|false\u00a0\u00bb inline_fonts=\u00a0\u00bbEUBMWFR_CHARTE_BMW_Polices_BMWTypeNext Regular,EUBMWFR_CHARTE_BMW_Polices_BMWTypeNext Bold\u00a0\u00bb global_colors_info=\u00a0\u00bb{}\u00a0\u00bb]<\/p>\n<h3 style=\"text-align: justify;\"><span style=\"font-family: 'EUBMWFR_CHARTE_BMW_Polices_BMWTypeNext Regular'; font-size: large; font-weight: normal;\"><strong>L&rsquo;histoire de votre concession BMW Aurillac<\/strong><\/span><\/h3>\n<p style=\"text-align: justify;\"><span style=\"font-size: 11pt; font-family: 'EUBMWFR_CHARTE_BMW_Polices_BMWTypeNext Regular';\">Depuis son implantation \u00e0 Aurillac en 1984 sous l\u2019enseigne Auvergne Auto, notre concession s\u2019engage \u00e0 d\u00e9velopper la marque BMW dans le Cantal et ses environs. Forte de plus de 40 ans d\u2019exp\u00e9rience, notre concession BMW a su se positionner comme un acteur incontournable pour tous les passionn\u00e9s de la marque.<o:p><\/o:p><\/span><\/p>\n<p style=\"text-align: justify;\"><span style=\"font-size: 11pt; font-family: 'EUBMWFR_CHARTE_BMW_Polices_BMWTypeNext Regular';\">En 2015, notre concession a d\u00e9m\u00e9nag\u00e9 dans des locaux flambant neufs, offrant un showroom de 400m\u00b2, r\u00e9pondant aux derni\u00e8res normes du constructeur. Ce cadre moderne et \u00e9l\u00e9gant met en valeur toute la gamme BMW, offrant ainsi une exp\u00e9rience immersive \u00e0 chaque visite.<o:p><\/o:p><\/span><\/p>\n<p style=\"text-align: justify;\"><span style=\"font-size: 11pt; font-family: inherit;\"><span style=\"font-family: 'EUBMWFR_CHARTE_BMW_Polices_BMWTypeNext Regular';\">Nos \u00e9quipes d\u00e9vou\u00e9es vous accueilleront avec plaisir et vous conseilleront dans l&rsquo;achat de votre v\u00e9hicule neuf ou d&rsquo;occasion BMW Premium Selection. Pour vous garantir un service irr\u00e9prochable, notre \u00e9quipe Apr\u00e8s-Vente est \u00e0 votre disposition, assurant une prise en charge optimale de votre v\u00e9hicule. Nos techniciens, form\u00e9s aux derni\u00e8res technologies BMW, vous offriront une expertise sans faille et une s\u00e9r\u00e9nit\u00e9 totale.<\/span><o:p><\/o:p><\/span><\/p>\n<p style=\"text-align: justify;\"><span style=\"font-size: 11pt; font-family: inherit;\"><\/span><\/p>\n<h3 style=\"text-align: justify;\"><span style=\"font-family: 'EUBMWFR_CHARTE_BMW_Polices_BMWTypeNext Regular'; font-weight: normal; font-size: large;\"><strong>Rencontrez notre \u00e9quipe passionn\u00e9e et professionnelle<\/strong><\/span><o:p><\/o:p><\/h3>\n<p style=\"text-align: justify;\"><span style=\"font-size: 11.0pt; font-family: 'Calibri Light',sans-serif;\"><span style=\"font-family: 'EUBMWFR_CHARTE_BMW_Polices_BMWTypeNext Regular'; font-weight: normal;\">Chez BMW Aurillac, notre \u00e9quipe se distingue par son accueil chaleureux, son professionnalisme et son \u00e9coute attentive. Passionn\u00e9s par l&rsquo;univers BMW, nous mettons un point d&rsquo;honneur \u00e0 satisfaire vos besoins et attentes. Venez nous rencontrer et d\u00e9couvrez un service personnalis\u00e9, empreint de passion et de d\u00e9vouement.<\/span><o:p><\/o:p><\/span><\/p>\n<p>[\/et_pb_text][\/et_pb_column][\/et_pb_row][et_pb_row _builder_version=\u00a0\u00bb4.25.0&Prime; _module_preset=\u00a0\u00bbdefault\u00a0\u00bb global_colors_info=\u00a0\u00bb{}\u00a0\u00bb][et_pb_column type=\u00a0\u00bb4_4&Prime; _builder_version=\u00a0\u00bb4.25.0&Prime; _module_preset=\u00a0\u00bbdefault\u00a0\u00bb global_colors_info=\u00a0\u00bb{}\u00a0\u00bb][dipl_image_card_carousel hide_title=\u00a0\u00bbon\u00a0\u00bb slider_loop=\u00a0\u00bbon\u00a0\u00bb show_arrow=\u00a0\u00bbon\u00a0\u00bb previous_slide_arrow=\u00a0\u00bb&#x34;||divi||400&Prime; next_slide_arrow=\u00a0\u00bb&#x35;||divi||400&Prime; arrows_position=\u00a0\u00bboutside\u00a0\u00bb arrow_font_size=\u00a0\u00bb50px\u00a0\u00bb arrow_color=\u00a0\u00bb#939393&Prime; slider_container_custom_padding=\u00a0\u00bb||0px||false|false\u00a0\u00bb cards_per_slide_tablet=\u00a0\u00bb2&Prime; cards_per_slide_phone=\u00a0\u00bb1&Prime; _builder_version=\u00a0\u00bb4.27.4&Prime; _module_preset=\u00a0\u00bbdefault\u00a0\u00bb module_alignment=\u00a0\u00bbcenter\u00a0\u00bb custom_margin=\u00a0\u00bb10px||10px||false|false\u00a0\u00bb custom_padding=\u00a0\u00bb||16px|||\u00a0\u00bb global_colors_info=\u00a0\u00bb{}\u00a0\u00bb][dipl_image_card_carousel_item image=\u00a0\u00bbhttps:\/\/groupe-grim.com\/bmw\/wp-content\/uploads\/2024\/07\/Concession-BMW-Aurillac-exterieur.jpg\u00a0\u00bb _builder_version=\u00a0\u00bb4.25.0&Prime; _module_preset=\u00a0\u00bbdefault\u00a0\u00bb global_colors_info=\u00a0\u00bb{}\u00a0\u00bb][\/dipl_image_card_carousel_item][dipl_image_card_carousel_item image=\u00a0\u00bbhttps:\/\/groupe-grim.com\/bmw\/wp-content\/uploads\/2024\/07\/Concession-BMW-Aurillac-exterieur-4.jpg\u00a0\u00bb _builder_version=\u00a0\u00bb4.25.0&Prime; _module_preset=\u00a0\u00bbdefault\u00a0\u00bb global_colors_info=\u00a0\u00bb{}\u00a0\u00bb][\/dipl_image_card_carousel_item][dipl_image_card_carousel_item image=\u00a0\u00bbhttps:\/\/groupe-grim.com\/bmw\/wp-content\/uploads\/2024\/07\/Concession-BMW-Aurillac-showroom.jpg\u00a0\u00bb _builder_version=\u00a0\u00bb4.25.0&Prime; _module_preset=\u00a0\u00bbdefault\u00a0\u00bb global_colors_info=\u00a0\u00bb{}\u00a0\u00bb][\/dipl_image_card_carousel_item][dipl_image_card_carousel_item image=\u00a0\u00bbhttps:\/\/groupe-grim.com\/bmw\/wp-content\/uploads\/2024\/07\/Concession-BMW-Aurillac-showroom-5.jpg\u00a0\u00bb _builder_version=\u00a0\u00bb4.25.0&Prime; _module_preset=\u00a0\u00bbdefault\u00a0\u00bb global_colors_info=\u00a0\u00bb{}\u00a0\u00bb][\/dipl_image_card_carousel_item][dipl_image_card_carousel_item image=\u00a0\u00bbhttps:\/\/groupe-grim.com\/bmw\/wp-content\/uploads\/2024\/07\/Concession-BMW-Aurillac-showroom-2.jpg\u00a0\u00bb _builder_version=\u00a0\u00bb4.25.0&Prime; _module_preset=\u00a0\u00bbdefault\u00a0\u00bb global_colors_info=\u00a0\u00bb{}\u00a0\u00bb][\/dipl_image_card_carousel_item][dipl_image_card_carousel_item image=\u00a0\u00bbhttps:\/\/groupe-grim.com\/bmw\/wp-content\/uploads\/2024\/07\/Concession-BMW-Aurillac-showroom-3.jpg\u00a0\u00bb _builder_version=\u00a0\u00bb4.25.0&Prime; _module_preset=\u00a0\u00bbdefault\u00a0\u00bb global_colors_info=\u00a0\u00bb{}\u00a0\u00bb][\/dipl_image_card_carousel_item][dipl_image_card_carousel_item image=\u00a0\u00bbhttps:\/\/groupe-grim.com\/bmw\/wp-content\/uploads\/2024\/07\/Concession-BMW-Aurillac-showroom-4.jpg\u00a0\u00bb _builder_version=\u00a0\u00bb4.25.0&Prime; _module_preset=\u00a0\u00bbdefault\u00a0\u00bb global_colors_info=\u00a0\u00bb{}\u00a0\u00bb][\/dipl_image_card_carousel_item][\/dipl_image_card_carousel][et_pb_text _builder_version=\u00a0\u00bb4.25.0&Prime; _module_preset=\u00a0\u00bbdefault\u00a0\u00bb custom_margin=\u00a0\u00bb9px|30px|50px|30px|false|false\u00a0\u00bb global_colors_info=\u00a0\u00bb{}\u00a0\u00bb]<\/p>\n<h2>Les services propos\u00e9s dans votre concession BMW Aurillac<\/h2>\n<p>[\/et_pb_text][et_pb_text _builder_version=\u00a0\u00bb4.25.0&Prime; _module_preset=\u00a0\u00bbdefault\u00a0\u00bb global_colors_info=\u00a0\u00bb{}\u00a0\u00bb]<\/p>\n<ul>\n<li><strong>Vente de v\u00e9hicules neufs et d&rsquo;occasion<\/strong> : La concession propose une s\u00e9lection de BMW neuves ainsi que des <a href=\"https:\/\/www.grim-occasion.com\/voitures\/?_brand=bmw%2Cbmw-i&amp;_city=aurillac\" target=\"_blank\" rel=\"noopener\">v\u00e9hicules d&rsquo;occasion labellis\u00e9s BMW Premium Selection<\/a>.<\/li>\n<li><strong>Entretien et r\u00e9parations<\/strong> : Le service apr\u00e8s-vente assure l&rsquo;entretien r\u00e9gulier, les r\u00e9parations et les interventions sous garantie pour maintenir les v\u00e9hicules en parfait \u00e9tat de fonctionnement.<\/li>\n<li><strong>Financement<\/strong> : BMW Financial Services offre des solutions de financement vari\u00e9es pour l&rsquo;achat de v\u00e9hicules, permettant de r\u00e9pondre aux attentes sp\u00e9cifiques des clients\u200b.<\/li>\n<li><strong>Accessoires et pi\u00e8ces d\u00e9tach\u00e9es<\/strong> : La concession BMW Aurillac dispose d&rsquo;un large choix d&rsquo;accessoires et de pi\u00e8ces d&rsquo;origine BMW, avec la possibilit\u00e9 de prendre rendez-vous pour leur installation\u200b.<\/li>\n<li><strong>Location de v\u00e9hicules<\/strong> : La concession BMW Aurillac vous propose de louer la BMW de vos r\u00eaves pour une courte dur\u00e9e avec le service BMW Rent.<\/li>\n<li><strong>Services pour entreprises<\/strong> : Le <a href=\"https:\/\/www.bmw.fr\/fr\/topics\/offres-et-services\/bmw-entreprises\/bmw-pour-votre-entreprise.html\" target=\"_blank\" rel=\"noopener\">BMW Business Center<\/a> propose des services d\u00e9di\u00e9s aux clients professionnels, incluant des conseils personnalis\u00e9s et des solutions de flotte adapt\u00e9es aux besoins des entreprises.<\/li>\n<\/ul>\n<p>[\/et_pb_text][\/et_pb_column][\/et_pb_row][et_pb_row _builder_version=\u00a0\u00bb4.25.0&Prime; _module_preset=\u00a0\u00bbdefault\u00a0\u00bb global_colors_info=\u00a0\u00bb{}\u00a0\u00bb][et_pb_column type=\u00a0\u00bb4_4&Prime; _builder_version=\u00a0\u00bb4.25.0&Prime; _module_preset=\u00a0\u00bbdefault\u00a0\u00bb global_colors_info=\u00a0\u00bb{}\u00a0\u00bb][et_pb_text _builder_version=\u00a0\u00bb4.25.0&Prime; _module_preset=\u00a0\u00bbdefault\u00a0\u00bb global_colors_info=\u00a0\u00bb{}\u00a0\u00bb]<\/p>\n<h2 style=\"text-align: center;\">Les actualit\u00e9s de BMW Aurillac<\/h2>\n<p>[\/et_pb_text][dipl_blog_slider slider_layout=\u00a0\u00bblayout4&Prime; include_categories=\u00a0\u00bb661&Prime; excerpt_length=\u00a0\u00bb0&Prime; show_author=\u00a0\u00bboff\u00a0\u00bb show_date=\u00a0\u00bboff\u00a0\u00bb show_categories=\u00a0\u00bboff\u00a0\u00bb show_comments=\u00a0\u00bboff\u00a0\u00bb read_more_text=\u00a0\u00bbLire la suite\u00a0\u00bb show_control_dot=\u00a0\u00bboff\u00a0\u00bb post_per_slide_tablet=\u00a0\u00bb2&Prime; post_per_slide_phone=\u00a0\u00bb1&Prime; _builder_version=\u00a0\u00bb4.25.0&Prime; _module_preset=\u00a0\u00bbdefault\u00a0\u00bb global_colors_info=\u00a0\u00bb{}\u00a0\u00bb][\/dipl_blog_slider][\/et_pb_column][\/et_pb_row][et_pb_row column_structure=\u00a0\u00bb1_2,1_2&Prime; _builder_version=\u00a0\u00bb4.25.0&Prime; _module_preset=\u00a0\u00bbdefault\u00a0\u00bb custom_margin=\u00a0\u00bb55px|auto||auto||\u00a0\u00bb global_colors_info=\u00a0\u00bb{}\u00a0\u00bb][et_pb_column type=\u00a0\u00bb1_2&Prime; _builder_version=\u00a0\u00bb4.25.0&Prime; _module_preset=\u00a0\u00bbdefault\u00a0\u00bb global_colors_info=\u00a0\u00bb{}\u00a0\u00bb][et_pb_image src=\u00a0\u00bbhttps:\/\/groupe-grim.com\/bmw\/wp-content\/uploads\/2024\/07\/Concession-BMW-Aurillac.jpg\u00a0\u00bb alt=\u00a0\u00bbConcession BMW Aurillac\u00a0\u00bb title_text=\u00a0\u00bbConcession BMW Aurillac\u00a0\u00bb _builder_version=\u00a0\u00bb4.25.0&Prime; _module_preset=\u00a0\u00bbdefault\u00a0\u00bb border_width_all=\u00a0\u00bb8px\u00a0\u00bb border_color_all=\u00a0\u00bb#FFFFFF\u00a0\u00bb box_shadow_style=\u00a0\u00bbpreset2&Prime; global_colors_info=\u00a0\u00bb{}\u00a0\u00bb][\/et_pb_image][\/et_pb_column][et_pb_column type=\u00a0\u00bb1_2&Prime; _builder_version=\u00a0\u00bb4.25.0&Prime; _module_preset=\u00a0\u00bbdefault\u00a0\u00bb global_colors_info=\u00a0\u00bb{}\u00a0\u00bb][et_pb_text _builder_version=\u00a0\u00bb4.25.0&Prime; _module_preset=\u00a0\u00bbdefault\u00a0\u00bb width=\u00a0\u00bb81%\u00a0\u00bb module_alignment=\u00a0\u00bbcenter\u00a0\u00bb custom_margin=\u00a0\u00bb42px|30px|42px|30px|true|true\u00a0\u00bb global_colors_info=\u00a0\u00bb{}\u00a0\u00bb]<\/p>\n<p><strong>Rejoignez notre communaut\u00e9<\/strong> et participez \u00e0 nos nombreux \u00e9v\u00e8nements : journ\u00e9es portes ouvertes, lancement de v\u00e9hicules, afterwork&#8230;<\/p>\n<p>Besoin de conseils ? De renseignements sur nos produits ? Nous sommes \u00e0 votre \u00e9coute pour r\u00e9pondre \u00e0 toutes vos demandes.<\/p>\n<p><strong>\u00c0 bient\u00f4t dans votre concession BMW Aurillac !<\/strong><\/p>\n<p>[\/et_pb_text][\/et_pb_column][\/et_pb_row][et_pb_row _builder_version=\u00a0\u00bb4.24.3&Prime; _module_preset=\u00a0\u00bbdefault\u00a0\u00bb global_colors_info=\u00a0\u00bb{}\u00a0\u00bb][et_pb_column type=\u00a0\u00bb4_4&Prime; _builder_version=\u00a0\u00bb4.24.3&Prime; _module_preset=\u00a0\u00bbdefault\u00a0\u00bb global_colors_info=\u00a0\u00bb{}\u00a0\u00bb][dipl_separator seprator_thickness=\u00a0\u00bb1px\u00a0\u00bb separator_color=\u00a0\u00bb#8e8e8e\u00a0\u00bb _builder_version=\u00a0\u00bb4.25.0&Prime; _module_preset=\u00a0\u00bbdefault\u00a0\u00bb width=\u00a0\u00bb20%\u00a0\u00bb module_alignment=\u00a0\u00bbcenter\u00a0\u00bb min_height=\u00a0\u00bb0px\u00a0\u00bb custom_margin=\u00a0\u00bb40px||20px||false|false\u00a0\u00bb global_colors_info=\u00a0\u00bb{}\u00a0\u00bb][\/dipl_separator][et_pb_text _builder_version=\u00a0\u00bb4.25.0&Prime; _module_preset=\u00a0\u00bbdefault\u00a0\u00bb custom_margin=\u00a0\u00bb34px||||false|false\u00a0\u00bb custom_padding=\u00a0\u00bb||0px|||\u00a0\u00bb global_colors_info=\u00a0\u00bb{}\u00a0\u00bb]<\/p>\n<h3 style=\"text-align: center;\"><strong>Rejoignez-nous sur les r\u00e9seaux sociaux !<\/strong><\/h3>\n<p>[\/et_pb_text][et_pb_social_media_follow follow_button=\u00a0\u00bbon\u00a0\u00bb use_icon_font_size=\u00a0\u00bbon\u00a0\u00bb icon_font_size=\u00a0\u00bb24px\u00a0\u00bb _builder_version=\u00a0\u00bb4.25.0&Prime; _module_preset=\u00a0\u00bbdefault\u00a0\u00bb custom_button=\u00a0\u00bbon\u00a0\u00bb button_text_size=\u00a0\u00bb16px\u00a0\u00bb button_text_color=\u00a0\u00bb#000000&Prime; button_bg_color=\u00a0\u00bb#FFFFFF\u00a0\u00bb button_border_width=\u00a0\u00bb1px\u00a0\u00bb button_border_color=\u00a0\u00bb#8c8c8c\u00a0\u00bb button_border_radius=\u00a0\u00bb5px\u00a0\u00bb button_letter_spacing=\u00a0\u00bb0px\u00a0\u00bb button_font=\u00a0\u00bb||||||||\u00a0\u00bb text_orientation=\u00a0\u00bbcenter\u00a0\u00bb custom_margin=\u00a0\u00bb30px||42px||false|false\u00a0\u00bb custom_padding=\u00a0\u00bb||||false|false\u00a0\u00bb animation_style=\u00a0\u00bbflip\u00a0\u00bb box_shadow_style_button=\u00a0\u00bbpreset2&Prime; global_colors_info=\u00a0\u00bb{}\u00a0\u00bb][et_pb_social_media_follow_network social_network=\u00a0\u00bbfacebook\u00a0\u00bb url=\u00a0\u00bbhttps:\/\/www.facebook.com\/BMWAuvergneAuto\/\u00a0\u00bb _builder_version=\u00a0\u00bb4.25.0&Prime; _module_preset=\u00a0\u00bbdefault\u00a0\u00bb background_color=\u00a0\u00bb#3b5998&Prime; global_colors_info=\u00a0\u00bb{}\u00a0\u00bb follow_button=\u00a0\u00bbon\u00a0\u00bb url_new_window=\u00a0\u00bbon\u00a0\u00bb]facebook[\/et_pb_social_media_follow_network][et_pb_social_media_follow_network social_network=\u00a0\u00bbinstagram\u00a0\u00bb url=\u00a0\u00bbhttps:\/\/www.instagram.com\/bmwaurillac\/\u00a0\u00bb _builder_version=\u00a0\u00bb4.25.0&Prime; _module_preset=\u00a0\u00bbdefault\u00a0\u00bb background_color=\u00a0\u00bb#ea2c59&Prime; global_colors_info=\u00a0\u00bb{}\u00a0\u00bb follow_button=\u00a0\u00bbon\u00a0\u00bb url_new_window=\u00a0\u00bbon\u00a0\u00bb]instagram[\/et_pb_social_media_follow_network][et_pb_social_media_follow_network social_network=\u00a0\u00bblinkedin\u00a0\u00bb url=\u00a0\u00bbhttps:\/\/www.linkedin.com\/company\/bmwauvergneauto\/\u00a0\u00bb _builder_version=\u00a0\u00bb4.25.0&Prime; _module_preset=\u00a0\u00bbdefault\u00a0\u00bb background_color=\u00a0\u00bb#007bb6&Prime; global_colors_info=\u00a0\u00bb{}\u00a0\u00bb follow_button=\u00a0\u00bbon\u00a0\u00bb url_new_window=\u00a0\u00bbon\u00a0\u00bb]linkedin[\/et_pb_social_media_follow_network][\/et_pb_social_media_follow][dipl_separator seprator_thickness=\u00a0\u00bb1px\u00a0\u00bb separator_color=\u00a0\u00bb#8e8e8e\u00a0\u00bb _builder_version=\u00a0\u00bb4.25.0&Prime; _module_preset=\u00a0\u00bbdefault\u00a0\u00bb width=\u00a0\u00bb20%\u00a0\u00bb module_alignment=\u00a0\u00bbcenter\u00a0\u00bb min_height=\u00a0\u00bb0px\u00a0\u00bb custom_margin=\u00a0\u00bb30px||20px||false|false\u00a0\u00bb global_colors_info=\u00a0\u00bb{}\u00a0\u00bb][\/dipl_separator][\/et_pb_column][\/et_pb_row][\/et_pb_section]<\/p>\n<span class=\"et_bloom_bottom_trigger\"><\/span>","protected":false},"excerpt":{"rendered":"<p>Votre concession BMW AurillacCoordonn\u00e9es Tel : 04 71 64 58 44 Adresse : 40 Avenue Georges Pompidou, 15000 Aurillac &nbsp;Horaires de la concession Lundi au Vendredi 9h &#8211; 12h et 14h &#8211; 19h Samedi 9h &#8211; 12h et 14h &#8211; 18hHoraires de l&rsquo;atelier Lundi 9h &#8211; 12h et 14h &#8211; 18h Mardi au vendredi 8h [&hellip;]<\/p>\n","protected":false},"author":15,"featured_media":38644,"parent":0,"menu_order":0,"comment_status":"closed","ping_status":"closed","template":"","meta":{"_et_pb_use_builder":"on","_et_pb_old_content":"","_et_gb_content_width":"","footnotes":""},"class_list":["post-38412","page","type-page","status-publish","has-post-thumbnail","hentry"],"_links":{"self":[{"href":"https:\/\/groupe-grim.com\/bmw\/wp-json\/wp\/v2\/pages\/38412","targetHints":{"allow":["GET"]}}],"collection":[{"href":"https:\/\/groupe-grim.com\/bmw\/wp-json\/wp\/v2\/pages"}],"about":[{"href":"https:\/\/groupe-grim.com\/bmw\/wp-json\/wp\/v2\/types\/page"}],"author":[{"embeddable":true,"href":"https:\/\/groupe-grim.com\/bmw\/wp-json\/wp\/v2\/users\/15"}],"replies":[{"embeddable":true,"href":"https:\/\/groupe-grim.com\/bmw\/wp-json\/wp\/v2\/comments?post=38412"}],"version-history":[{"count":2,"href":"https:\/\/groupe-grim.com\/bmw\/wp-json\/wp\/v2\/pages\/38412\/revisions"}],"predecessor-version":[{"id":41276,"href":"https:\/\/groupe-grim.com\/bmw\/wp-json\/wp\/v2\/pages\/38412\/revisions\/41276"}],"wp:featuredmedia":[{"embeddable":true,"href":"https:\/\/groupe-grim.com\/bmw\/wp-json\/wp\/v2\/media\/38644"}],"wp:attachment":[{"href":"https:\/\/groupe-grim.com\/bmw\/wp-json\/wp\/v2\/media?parent=38412"}],"curies":[{"name":"wp","href":"https:\/\/api.w.org\/{rel}","templated":true}]}}