{"id":124,"date":"2025-08-20T14:55:10","date_gmt":"2025-08-20T12:55:10","guid":{"rendered":"https:\/\/groupe-grim.com\/can-am\/?page_id=124"},"modified":"2025-10-28T12:40:58","modified_gmt":"2025-10-28T11:40:58","slug":"a-propos","status":"publish","type":"page","link":"https:\/\/groupe-grim.com\/can-am\/a-propos\/","title":{"rendered":"A propos"},"content":{"rendered":"\n<div style=\"height:30px\" aria-hidden=\"true\" class=\"wp-block-spacer\"><\/div>\n\n\n\n<h2 class=\"wp-block-heading has-text-align-center\">Notre histoire, votre aventure<\/h2>\n\n\n\n<h3 class=\"wp-block-heading has-text-align-center\">D\u00e9couvrez la marque Can-Am et celle du groupe GRIM<\/h3>\n\n\n\n<div class=\"flex flex-col gap-16 my-24 md:flex-row-reverse\">\n    <!-- Conteneur de l'image avec gestion du responsive -->\n    <div class=\"w-full md:w-1\/2 \">\n        <img decoding=\"async\" width=\"1280\" height=\"680\" src=\"https:\/\/groupe-grim.com\/can-am\/wp-content\/uploads\/2025\/08\/1756115217_can-am-labege.jpg\" class=\"w-full h-auto rounded-lg shadow-lg\" alt=\"Can-Am Maverick R\" loading=\"lazy\" srcset=\"https:\/\/groupe-grim.com\/can-am\/wp-content\/uploads\/2025\/08\/1756115217_can-am-labege.jpg 1280w, https:\/\/groupe-grim.com\/can-am\/wp-content\/uploads\/2025\/08\/1756115217_can-am-labege-300x159.jpg 300w, https:\/\/groupe-grim.com\/can-am\/wp-content\/uploads\/2025\/08\/1756115217_can-am-labege-1024x544.jpg 1024w, https:\/\/groupe-grim.com\/can-am\/wp-content\/uploads\/2025\/08\/1756115217_can-am-labege-768x408.jpg 768w\" sizes=\"auto, (max-width: 1280px) 100vw, 1280px\" \/>    <\/div>\n\n    <!-- Conteneur du texte avec espacement adaptatif -->\n    <div class=\"w-full md:w-1\/2 prose max-w-none mt-6 md:mt-0 flex flex-col justify-center items-start\">\n        <h3>Profitez du grand air avec Can-Am<\/h3>\n<p data-pm-slice=\"1 1 []\">Can-Am est n\u00e9es au Canada et est pr\u00e9sente dans le monde entier. Les v\u00e9hicules Can-Am proviennent d\u2019un pays qui s\u2019enorgueillit de poss\u00e9der certaines des conditions les plus difficiles et des routes les plus pittoresques. Un fort h\u00e9ritage au service d\u2019exp\u00e9riences uniques. Rejoignez la communaut\u00e9 Can-Am, unie par la passion du plein air et de l&rsquo;aventure.<\/p>\n<p>D\u00e9couvrez l&rsquo;histoire de la marque Can-Am et du groupe BRP.<\/p>\n    <\/div>\n<\/div>\n\n\n<div class=\"custom-button-container text-center\">\n    <a href=\"https:\/\/groupe-grim.com\/can-am\/histoire-de-la-marque-can-am\/\" \n       id=\"custom-button-69d273204b0f3\"\n       class=\"custom-button btn-primary btn-size-medium\"\n       >\n        <span class=\"button-text\">D\u00e9couvrir la marque Can-Am<\/span>\n                    <i class=\"fa-solid fa-arrow-right ml-2\"><\/i>\n            <\/a>\n<\/div>\n\n\n<hr class=\"wp-block-separator has-text-color has-contrast-3-color has-alpha-channel-opacity has-contrast-3-background-color has-background is-style-wide\"\/>\n\n\n\n<div class=\"flex flex-col gap-16 my-24 md:flex-row\">\n    <!-- Conteneur de l'image avec gestion du responsive -->\n    <div class=\"w-full md:w-1\/2 \">\n        <img decoding=\"async\" width=\"500\" height=\"219\" src=\"https:\/\/groupe-grim.com\/can-am\/wp-content\/uploads\/2025\/08\/logo-bicolor-GRIM.png\" class=\"w-full h-auto rounded-lg shadow-lg\" alt=\"logo bicolor groupe GRIM\" loading=\"lazy\" srcset=\"https:\/\/groupe-grim.com\/can-am\/wp-content\/uploads\/2025\/08\/logo-bicolor-GRIM.png 500w, https:\/\/groupe-grim.com\/can-am\/wp-content\/uploads\/2025\/08\/logo-bicolor-GRIM-300x131.png 300w\" sizes=\"auto, (max-width: 500px) 100vw, 500px\" \/>    <\/div>\n\n    <!-- Conteneur du texte avec espacement adaptatif -->\n    <div class=\"w-full md:w-1\/2 prose max-w-none mt-6 md:mt-0 flex flex-col justify-center items-start\">\n        <h3>Groupe GRIM : le respect au c\u0153ur de nos valeurs<\/h3>\n<p>Concessionnaire automobile multimarques, le groupe GRIM repr\u00e9sente aujourd\u2019hui 15 marques, dans diff\u00e9rents secteurs :\u00a0Automobile,\u00a0Motos\u00a0et Cycles. Nous sommes pr\u00e9sents dans plus de 75 points de vente d\u00e9di\u00e9s, r\u00e9partis sur 11 d\u00e9partements.<\/p>\n<p>Le Groupe GRIM est pr\u00e9sent dans diff\u00e9rents d\u00e9partements du sud de la France : H\u00e9rault, Gard, Ard\u00e8che, Drome,\u00a0Pyr\u00e9n\u00e9es-Atlantiques, Hautes-Pyr\u00e9n\u00e9es, Aveyron, Cantal, Ard\u00e8che, Tarn, Landes\u2026<\/p>\n    <\/div>\n<\/div>\n\n\n<div class=\"custom-button-container text-center\">\n    <a href=\"https:\/\/groupe-grim.com\/\" \n       id=\"custom-button-69d273204ced6\"\n       class=\"custom-button btn-primary btn-size-medium\"\n       >\n        <span class=\"button-text\">D\u00e9couvrir le groupe GRIM<\/span>\n                    <i class=\"fa-solid fa-arrow-right ml-2\"><\/i>\n            <\/a>\n<\/div>\n\n\n<hr class=\"wp-block-separator has-text-color has-contrast-3-color has-alpha-channel-opacity has-contrast-3-background-color has-background is-style-wide\"\/>\n\n\n\n<div class=\"flex flex-col gap-16 my-24 md:flex-row-reverse\">\n    <!-- Conteneur de l'image avec gestion du responsive -->\n    <div class=\"w-full md:w-1\/2 \">\n        <img decoding=\"async\" width=\"1663\" height=\"1126\" src=\"https:\/\/groupe-grim.com\/can-am\/wp-content\/uploads\/2025\/10\/Concession-can-am-toulouse-labege.jpg\" class=\"w-full h-auto rounded-lg shadow-lg\" alt=\"Devanture Concession Can-am \u00e0 Toulouse-Lab\u00e8ge\" loading=\"lazy\" srcset=\"https:\/\/groupe-grim.com\/can-am\/wp-content\/uploads\/2025\/10\/Concession-can-am-toulouse-labege.jpg 1663w, https:\/\/groupe-grim.com\/can-am\/wp-content\/uploads\/2025\/10\/Concession-can-am-toulouse-labege-300x203.jpg 300w, https:\/\/groupe-grim.com\/can-am\/wp-content\/uploads\/2025\/10\/Concession-can-am-toulouse-labege-1024x693.jpg 1024w, https:\/\/groupe-grim.com\/can-am\/wp-content\/uploads\/2025\/10\/Concession-can-am-toulouse-labege-768x520.jpg 768w, https:\/\/groupe-grim.com\/can-am\/wp-content\/uploads\/2025\/10\/Concession-can-am-toulouse-labege-1536x1040.jpg 1536w\" sizes=\"auto, (max-width: 1663px) 100vw, 1663px\" \/>    <\/div>\n\n    <!-- Conteneur du texte avec espacement adaptatif -->\n    <div class=\"w-full md:w-1\/2 prose max-w-none mt-6 md:mt-0 flex flex-col justify-center items-start\">\n        <h3>Notre concession Toulouse-Lab\u00e8ge<\/h3>\n<p>Notre \u00e9quipe de la concession Toulouse-Lab\u00e8ge est l\u00e0 pour vous renseigner et vous aider dans votre projet d&rsquo;achat. Professionnels, passionn\u00e9s de tout-terrain, motards aguerris ou simples curieux, soyez les bienvenus dans notre Concession.<\/p>\n<p>Nos \u00e9quipes atelier sont l\u00e0 pour effectuer tout travaux m\u00e9caniques sur votre v\u00e9hicule can-am, de l&rsquo;entretien courant aux r\u00e9parations plus complexes.<\/p>\n<p>Besoin d&rsquo;une pi\u00e8ce d\u00e9tach\u00e9e ou d&rsquo;un accessoire en particulier ? Nous pouvons vous commander la pi\u00e8ce Can-Am adapt\u00e9es \u00e0 votre v\u00e9hicule et r\u00e9aliser son installation pour vous.<\/p>\n<p>Venez d\u00e9couvrir nos mod\u00e8les expos\u00e9s ou passez le pas et r\u00e9servez directement un essai sur notre site internet, ou par t\u00e9l\u00e9phone au 0 805 12 14 14 (appel gratuit).<\/p>\n    <\/div>\n<\/div>\n\n\n<div class=\"appointment-mobile bg-white mx-auto px-4 pb-6 min-h-0 \">   <!-- Barre de progression -->\n   <div class=\"progress-bar rounded-full overflow-hidden\">\n       <div class=\"progress-bar-fill w-0\"><\/div>\n   <\/div>\n\n   <!-- Formulaire -->\n   <form id=\"rdv-form-mobile\" class=\"relative\">\n       <!-- \u00c9tape 1: Type de demande -->\n       <div class=\"step-mobile active\" data-step=\"1\">\n           <div class=\"text-center mb-6\">\n           <h2 class=\"text-2xl md:text-4xl font-bold\">Prendre rendez-vous<\/h2>\n               <p class=\"text-gray-600 text-sm\">S\u00e9lectionnez votre besoin<\/p>\n           <\/div>\n\n           <div class=\"grid grid-cols-1 md:grid-cols-2 gap-4\">\n                                  <label class=\"choice-card-mobile block\">\n                       <input type=\"radio\" name=\"request_type\" value=\"discover\" class=\"sr-only\">\n                       <div class=\"flex items-center\">\n                           <div class=\"flex-shrink-0 w-10 text-center\">\n                               <i class=\"fa-solid fa-car text-xl\"><\/i>\n                           <\/div>\n                           <div class=\"ml-3\">\n                               <span class=\"font-medium block\">D\u00e9couvrir nos mod\u00e8les<\/span>\n                               <span class=\"text-sm text-gray-500\">D\u00e9couvrez notre gamme<\/span>\n                           <\/div>\n                       <\/div>\n                   <\/label>\n                                  <label class=\"choice-card-mobile block\">\n                       <input type=\"radio\" name=\"request_type\" value=\"test_drive\" class=\"sr-only\">\n                       <div class=\"flex items-center\">\n                           <div class=\"flex-shrink-0 w-10 text-center\">\n                               <i class=\"fa-solid fa-key text-xl\"><\/i>\n                           <\/div>\n                           <div class=\"ml-3\">\n                               <span class=\"font-medium block\">Essai v\u00e9hicule<\/span>\n                               <span class=\"text-sm text-gray-500\">Testez un v\u00e9hicule<\/span>\n                           <\/div>\n                       <\/div>\n                   <\/label>\n                                  <label class=\"choice-card-mobile block\">\n                       <input type=\"radio\" name=\"request_type\" value=\"trade_in\" class=\"sr-only\">\n                       <div class=\"flex items-center\">\n                           <div class=\"flex-shrink-0 w-10 text-center\">\n                               <i class=\"fa-solid fa-exchange text-xl\"><\/i>\n                           <\/div>\n                           <div class=\"ml-3\">\n                               <span class=\"font-medium block\">Demande de reprise<\/span>\n                               <span class=\"text-sm text-gray-500\">Estimation de reprise<\/span>\n                           <\/div>\n                       <\/div>\n                   <\/label>\n                                  <label class=\"choice-card-mobile block\">\n                       <input type=\"radio\" name=\"request_type\" value=\"financing\" class=\"sr-only\">\n                       <div class=\"flex items-center\">\n                           <div class=\"flex-shrink-0 w-10 text-center\">\n                               <i class=\"fa-solid fa-coins text-xl\"><\/i>\n                           <\/div>\n                           <div class=\"ml-3\">\n                               <span class=\"font-medium block\">Financement<\/span>\n                               <span class=\"text-sm text-gray-500\">Solutions de financement<\/span>\n                           <\/div>\n                       <\/div>\n                   <\/label>\n                          <\/div>\n       <\/div>\n\n        <!-- \u00c9tape 2: Choix concession -->\n        <div class=\"step-mobile\" data-step=\"2\">\n        <div class=\"text-center mb-6\">\n            <h2 class=\"text-2xl md:text-4xl font-bold\">Choix de la concession<\/h2>\n            <p class=\"text-gray-600 text-sm\">S\u00e9lectionnez votre concession<\/p>\n        <\/div>\n\n        <div class=\"grid grid-cols-1 md:grid-cols-2 gap-4\">\n                            <label class=\"choice-card-mobile block mb-3 md:mb-0\">\n                    <input type=\"radio\" name=\"dealership\" \n                            value=\"Toulouse - Can-Am\" \n                            class=\"sr-only\">\n                    <div class=\"flex items-center\">\n                        <div class=\"flex-shrink-0 w-10 text-center\">\n                            <i class=\"fa-solid fa-location-dot text-xl\"><\/i>\n                        <\/div>\n                        <div class=\"ml-3\">\n                            <span class=\"font-medium block\">Toulouse<\/span>\n                            <span class=\"text-sm text-gray-500\">Can-Am<\/span>\n                        <\/div>\n                    <\/div>\n                <\/label>\n                    <\/div>\n        <\/div>\n\n       <!-- \u00c9tape 3: Contact -->\n       <div class=\"step-mobile\" data-step=\"3\">\n           <div class=\"text-center mb-6\">\n               <h2 class=\"text-2xl md:text-4xl font-bold\">Vos coordonn\u00e9es<\/h2>\n               <p class=\"text-gray-600 text-sm\">Pour vous recontacter<\/p>\n           <\/div>\n\n           <div class=\"space-y-4\">\n               <div>\n                   <label class=\"block text-sm font-medium text-gray-700 mb-1\">\n                       Nom complet <span class=\"text-red-500\">*<\/span>\n                   <\/label>\n                   <input type=\"text\" name=\"name\" required \n                          class=\"w-full p-3 border border-gray-300 rounded-lg focus:ring-2 focus:ring-black\"\n                          placeholder=\"Jean Dupont\">\n               <\/div>\n\n               <div>\n                   <label class=\"block text-sm font-medium text-gray-700 mb-1\">\n                       Email <span class=\"text-red-500\">*<\/span>\n                   <\/label>\n                   <input type=\"email\" name=\"email\" required \n                          class=\"w-full p-3 border border-gray-300 rounded-lg focus:ring-2 focus:ring-black\"\n                          placeholder=\"jean.dupont@example.com\">\n               <\/div>\n               <!-- Nouveau champ t\u00e9l\u00e9phone -->\n                <div>\n                    <label class=\"block text-sm font-medium text-gray-700 mb-1\">\n                        T\u00e9l\u00e9phone <span class=\"text-red-500\">*<\/span>\n                    <\/label>\n                    <input type=\"tel\" name=\"phone\" required \n                        class=\"w-full p-3 border border-gray-300 rounded-lg focus:ring-2 focus:ring-black\"\n                        placeholder=\"06 12 34 56 78\"\n                        pattern=\"[0-9]{2}[0-9]{2}[0-9]{2}[0-9]{2}[0-9]{2}\"\n                        title=\"Veuillez entrer un num\u00e9ro de t\u00e9l\u00e9phone valide (10 chiffres)\">\n                <\/div>\n\n               <div>\n                   <label class=\"block text-sm font-medium text-gray-700 mb-1\">Message<\/label>\n                   <textarea name=\"message\" rows=\"3\" \n                             class=\"w-full p-3 border border-gray-300 rounded-lg focus:ring-2 focus:ring-black\"\n                             placeholder=\"Informations compl\u00e9mentaires...\"><\/textarea>\n               <\/div>\n\n               <div class=\"flex items-start\">\n                   <div class=\"flex items-center h-5\">\n                       <input id=\"privacy-mobile\" name=\"privacy\" type=\"checkbox\" required\n                              class=\"w-4 h-4 border-gray-300 rounded text-black focus:ring-black\">\n                   <\/div>\n                   <label for=\"privacy-mobile\" class=\"ml-3 text-sm text-gray-700\">\n                       J&rsquo;accepte la <a href=\"https:\/\/groupe-grim.com\/rgpd\/\" class=\"no-underline text-black\">politique de confidentialit\u00e9<\/a>\n                   <\/label>\n               <\/div>\n\n               <button type=\"submit\" class=\"w-full mt-4 px-6 py-3 bg-black text-white rounded-lg\">\n                   Envoyer ma demande\n               <\/button>\n           <\/div>\n       <\/div>\n\n       <!-- Message de succ\u00e8s -->\n       <div id=\"success-message-mobile\" class=\"hidden text-center py-6\">\n           <div class=\"bg-green-50 rounded-full w-16 h-16 flex items-center justify-center mx-auto mb-4\">\n               <i class=\"fa-solid fa-check text-2xl text-green-500\"><\/i>\n           <\/div>\n           <h3 class=\"text-xl font-bold mb-2\">Demande envoy\u00e9e !<\/h3>\n           <p class=\"text-gray-600 text-sm mb-4\">\n               Nous vous recontacterons tr\u00e8s rapidement pour confirmer votre rendez-vous.\n           <\/p>\n           <div class=\"bg-gray-50 rounded-lg p-3\">\n               <p class=\"text-sm text-gray-600\">\n                   <i class=\"fa-solid fa-clock mr-2\"><\/i>\n                   Disponibilit\u00e9 : Lun-Sam, 9h-19h\n               <\/p>\n           <\/div>\n       <\/div>\n   <\/form>\n\n   <!-- Bouton retour -->\n    <button type=\"button\" class=\"back-button\">\n        <i class=\"fa-solid fa-arrow-left mr-2\"><\/i> Retour\n    <\/button>\n<\/div>\n\n\n<hr class=\"wp-block-separator has-text-color has-contrast-3-color has-alpha-channel-opacity has-contrast-3-background-color has-background is-style-wide\"\/>\n\n\n\n<div class=\"social-networks-block -my-12 mb-20 mt-20 \" id=\"social-networks-69d273204f312\">\n            <!-- Titre style Hero\/Brands -->\n        <div class=\"sm:w-1\/2 xl:w-1\/3 mx-auto text-center mb-6 md:mb-12\">\n                            <h2 class=\"block text-2xl font-bold text-gray-800 sm:text-3xl lg:text-4xl lg:leading-tight dark:text-white text-center\">\n                    Suivez-nous sur les r\u00e9seaux <span class=\"text-red-500\">sociaux<\/span>                <\/h2>\n                                        <p class=\"mt-3 text-lg text-gray-800 dark:text-neutral-400 text-center\">Actus, offres, bons plans\u2026 Soyez le premier au courant<\/p>\n                    <\/div>\n    \n            <!-- Style cartes (call-to-action) -->\n        <div class=\"justify-center\">\n            <div class=\"grid grid-cols-3 gap-4 max-w-md mx-auto\">                                                                <a href=\"https:\/\/www.facebook.com\/profile.php?id=61580045841044\" target=\"_blank\" rel=\"noopener noreferrer\" class=\"group relative rounded-lg p-4 text-center transition-all duration-300 hover:scale-105\" style=\"--network-color: #1877f2\">\n                        <div class=\"relative z-10\">\n                            <div class=\"flex items-center justify-center mx-auto mb-3 transition-all duration-300\">\n                                <i class=\"fab fa-facebook-f text-4xl text-gray-800 transition-all duration-300 group-hover:text-yellow-400\"><\/i>\n                            <\/div>\n                            <h3 class=\"font-medium text-gray-900 text-xs leading-tight transition-colors duration-300\">\n                                Facebook                            <\/h3>\n                        <\/div>\n                    <\/a>\n                                                                                <a href=\"https:\/\/www.instagram.com\/canam.groupegrim\/\" target=\"_blank\" rel=\"noopener noreferrer\" class=\"group relative rounded-lg p-4 text-center transition-all duration-300 hover:scale-105\" style=\"--network-color: #E4405F\">\n                        <div class=\"relative z-10\">\n                            <div class=\"flex items-center justify-center mx-auto mb-3 transition-all duration-300\">\n                                <i class=\"fab fa-instagram text-4xl text-gray-800 transition-all duration-300 group-hover:text-yellow-400\"><\/i>\n                            <\/div>\n                            <h3 class=\"font-medium text-gray-900 text-xs leading-tight transition-colors duration-300\">\n                                Instagram                            <\/h3>\n                        <\/div>\n                    <\/a>\n                                                                                <a href=\"https:\/\/www.linkedin.com\/company\/108783992\/admin\/dashboard\/\" target=\"_blank\" rel=\"noopener noreferrer\" class=\"group relative rounded-lg p-4 text-center transition-all duration-300 hover:scale-105\" style=\"--network-color: #0077B5\">\n                        <div class=\"relative z-10\">\n                            <div class=\"flex items-center justify-center mx-auto mb-3 transition-all duration-300\">\n                                <i class=\"fab fa-linkedin-in text-4xl text-gray-800 transition-all duration-300 group-hover:text-yellow-400\"><\/i>\n                            <\/div>\n                            <h3 class=\"font-medium text-gray-900 text-xs leading-tight transition-colors duration-300\">\n                                LinkedIn                            <\/h3>\n                        <\/div>\n                    <\/a>\n                                        <\/div>\n        <\/div>\n\n    <\/div>","protected":false},"excerpt":{"rendered":"<p>Notre histoire, votre aventure D\u00e9couvrez la marque Can-Am et celle du groupe GRIM<\/p>\n","protected":false},"author":3,"featured_media":0,"parent":0,"menu_order":13,"comment_status":"closed","ping_status":"closed","template":"","meta":{"_acf_changed":false,"footnotes":""},"class_list":["post-124","page","type-page","status-publish"],"acf":[],"_links":{"self":[{"href":"https:\/\/groupe-grim.com\/can-am\/wp-json\/wp\/v2\/pages\/124","targetHints":{"allow":["GET"]}}],"collection":[{"href":"https:\/\/groupe-grim.com\/can-am\/wp-json\/wp\/v2\/pages"}],"about":[{"href":"https:\/\/groupe-grim.com\/can-am\/wp-json\/wp\/v2\/types\/page"}],"author":[{"embeddable":true,"href":"https:\/\/groupe-grim.com\/can-am\/wp-json\/wp\/v2\/users\/3"}],"replies":[{"embeddable":true,"href":"https:\/\/groupe-grim.com\/can-am\/wp-json\/wp\/v2\/comments?post=124"}],"version-history":[{"count":22,"href":"https:\/\/groupe-grim.com\/can-am\/wp-json\/wp\/v2\/pages\/124\/revisions"}],"predecessor-version":[{"id":918,"href":"https:\/\/groupe-grim.com\/can-am\/wp-json\/wp\/v2\/pages\/124\/revisions\/918"}],"wp:attachment":[{"href":"https:\/\/groupe-grim.com\/can-am\/wp-json\/wp\/v2\/media?parent=124"}],"curies":[{"name":"wp","href":"https:\/\/api.w.org\/{rel}","templated":true}]}}